{"id":16,"date":"2021-02-23T16:50:04","date_gmt":"2021-02-23T19:50:04","guid":{"rendered":"https:\/\/cotran.com.br\/inspecaoveicular\/?page_id=16"},"modified":"2023-01-24T11:56:28","modified_gmt":"2023-01-24T14:56:28","slug":"veiculos-blindados","status":"publish","type":"page","link":"https:\/\/cotran.com.br\/inspecaoveicular\/veiculos-blindados\/","title":{"rendered":"Ve\u00edculos Blindados"},"content":{"rendered":"<div class=\"su-note\"  style=\"border-color:#dddddd;border-radius:3px;-moz-border-radius:3px;-webkit-border-radius:3px;\"><div class=\"su-note-inner su-u-clearfix su-u-trim\" style=\"background-color:#f7f7f7;border-color:#ffffff;color:#333333;border-radius:3px;-moz-border-radius:3px;-webkit-border-radius:3px;\">\n<p><strong>Conte conosco na hora de fazer a inspe\u00e7\u00e3o obrigat\u00f3ria em seu ve\u00edculo blindado!<\/strong><br \/>\nNa hora de blindar seu ve\u00edculo, escolha sempre empresas certificadas em cada etapa.<br \/>\nTemos acredita\u00e7\u00e3o da Coordena\u00e7\u00e3o Geral de Acredita\u00e7\u00e3o do INMETRO e Denatran nos tornando aptos para inspecionar seu blindado, alem de oferecemos os\u00a0 melhore pre\u00e7os do RJ em inspe\u00e7\u00e3o de blindados!<br \/>\n<strong>Fa\u00e7a a sua inspe\u00e7\u00e3o de blindado com a COTRAN: a empresa n\u00ba1 em inspe\u00e7\u00e3o de blindados no RJ!<\/strong><\/p>\n<\/div><\/div>\n<div class=\"su-image-carousel  su-image-carousel-columns-3 su-image-carousel-has-spacing su-image-carousel-crop su-image-carousel-crop-4-3 su-image-carousel-has-lightbox su-image-carousel-has-outline su-image-carousel-adaptive su-image-carousel-slides-style-default su-image-carousel-controls-style-dark su-image-carousel-align-none\" style=\"\" data-flickity-options='{\"groupCells\":true,\"cellSelector\":\".su-image-carousel-item\",\"adaptiveHeight\":false,\"cellAlign\":\"left\",\"prevNextButtons\":true,\"pageDots\":true,\"autoPlay\":5000,\"imagesLoaded\":true,\"contain\":true,\"selectedAttraction\":0.025000000000000001387778780781445675529539585113525390625,\"friction\":0.2800000000000000266453525910037569701671600341796875}' id=\"su_image_carousel_69e3651947a75\"><div class=\"su-image-carousel-item\"><div class=\"su-image-carousel-item-content\"><a href=\"https:\/\/cotran.com.br\/inspecaoveicular\/wp-content\/uploads\/2021\/03\/video1.png\" target=\"_blank\" rel=\"noopener noreferrer\" data-caption=\"COTRAN - Controle de Transportes\" data-rel=\"lightbox-image-0\" data-rl_title=\"\" data-rl_caption=\"\" title=\"\"><img loading=\"lazy\" decoding=\"async\" width=\"571\" height=\"464\" src=\"https:\/\/cotran.com.br\/inspecaoveicular\/wp-content\/uploads\/2021\/03\/video1.png\" class=\"\" alt=\"Cotran - Controle de Transportes Ltda\" srcset=\"https:\/\/cotran.com.br\/inspecaoveicular\/wp-content\/uploads\/2021\/03\/video1.png 571w, https:\/\/cotran.com.br\/inspecaoveicular\/wp-content\/uploads\/2021\/03\/video1-300x244.png 300w\" sizes=\"auto, (max-width: 571px) 100vw, 571px\" \/><\/a><\/div><\/div><div class=\"su-image-carousel-item\"><div class=\"su-image-carousel-item-content\"><a href=\"https:\/\/cotran.com.br\/inspecaoveicular\/wp-content\/uploads\/2021\/03\/007.jpg\" target=\"_blank\" rel=\"noopener noreferrer\" data-caption=\"COTRAN - Controle de Transportes\" data-rel=\"lightbox-image-1\" data-rl_title=\"\" data-rl_caption=\"\" title=\"\"><img loading=\"lazy\" decoding=\"async\" width=\"960\" height=\"720\" src=\"https:\/\/cotran.com.br\/inspecaoveicular\/wp-content\/uploads\/2021\/03\/007.jpg\" class=\"\" alt=\"COTRAN-Controle de Transportes\" srcset=\"https:\/\/cotran.com.br\/inspecaoveicular\/wp-content\/uploads\/2021\/03\/007.jpg 960w, https:\/\/cotran.com.br\/inspecaoveicular\/wp-content\/uploads\/2021\/03\/007-300x225.jpg 300w, https:\/\/cotran.com.br\/inspecaoveicular\/wp-content\/uploads\/2021\/03\/007-768x576.jpg 768w\" sizes=\"auto, (max-width: 960px) 100vw, 960px\" \/><\/a><\/div><\/div><div class=\"su-image-carousel-item\"><div class=\"su-image-carousel-item-content\"><a href=\"https:\/\/cotran.com.br\/inspecaoveicular\/wp-content\/uploads\/2021\/03\/006.jpg\" target=\"_blank\" rel=\"noopener noreferrer\" data-caption=\"COTRAN - Controle de Transportes\" data-rel=\"lightbox-image-2\" data-rl_title=\"\" data-rl_caption=\"\" title=\"\"><img loading=\"lazy\" decoding=\"async\" width=\"960\" height=\"720\" src=\"https:\/\/cotran.com.br\/inspecaoveicular\/wp-content\/uploads\/2021\/03\/006.jpg\" class=\"\" alt=\"COTRAN - Controle de Transportes\" srcset=\"https:\/\/cotran.com.br\/inspecaoveicular\/wp-content\/uploads\/2021\/03\/006.jpg 960w, https:\/\/cotran.com.br\/inspecaoveicular\/wp-content\/uploads\/2021\/03\/006-300x225.jpg 300w, https:\/\/cotran.com.br\/inspecaoveicular\/wp-content\/uploads\/2021\/03\/006-768x576.jpg 768w\" sizes=\"auto, (max-width: 960px) 100vw, 960px\" \/><\/a><\/div><\/div><div class=\"su-image-carousel-item\"><div class=\"su-image-carousel-item-content\"><a href=\"https:\/\/cotran.com.br\/inspecaoveicular\/wp-content\/uploads\/2021\/03\/005.jpg\" target=\"_blank\" rel=\"noopener noreferrer\" data-caption=\"COTRAN - Controle de Transportes\" data-rel=\"lightbox-image-3\" data-rl_title=\"\" data-rl_caption=\"\" title=\"\"><img loading=\"lazy\" decoding=\"async\" width=\"960\" height=\"720\" src=\"https:\/\/cotran.com.br\/inspecaoveicular\/wp-content\/uploads\/2021\/03\/005.jpg\" class=\"\" alt=\"COTRAN-Controle de Transportes\" srcset=\"https:\/\/cotran.com.br\/inspecaoveicular\/wp-content\/uploads\/2021\/03\/005.jpg 960w, https:\/\/cotran.com.br\/inspecaoveicular\/wp-content\/uploads\/2021\/03\/005-300x225.jpg 300w, https:\/\/cotran.com.br\/inspecaoveicular\/wp-content\/uploads\/2021\/03\/005-768x576.jpg 768w\" sizes=\"auto, (max-width: 960px) 100vw, 960px\" \/><\/a><\/div><\/div><div class=\"su-image-carousel-item\"><div class=\"su-image-carousel-item-content\"><a href=\"https:\/\/cotran.com.br\/inspecaoveicular\/wp-content\/uploads\/2021\/03\/004.jpg\" target=\"_blank\" rel=\"noopener noreferrer\" data-caption=\"COTRAN - Controle de Transportes\" data-rel=\"lightbox-image-4\" data-rl_title=\"\" data-rl_caption=\"\" title=\"\"><img loading=\"lazy\" decoding=\"async\" width=\"960\" height=\"720\" src=\"https:\/\/cotran.com.br\/inspecaoveicular\/wp-content\/uploads\/2021\/03\/004.jpg\" class=\"\" alt=\"COTRAN-Controle de Transportes\" srcset=\"https:\/\/cotran.com.br\/inspecaoveicular\/wp-content\/uploads\/2021\/03\/004.jpg 960w, https:\/\/cotran.com.br\/inspecaoveicular\/wp-content\/uploads\/2021\/03\/004-300x225.jpg 300w, https:\/\/cotran.com.br\/inspecaoveicular\/wp-content\/uploads\/2021\/03\/004-768x576.jpg 768w\" sizes=\"auto, (max-width: 960px) 100vw, 960px\" \/><\/a><\/div><\/div><div class=\"su-image-carousel-item\"><div class=\"su-image-carousel-item-content\"><a href=\"https:\/\/cotran.com.br\/inspecaoveicular\/wp-content\/uploads\/2021\/03\/003.jpg\" target=\"_blank\" rel=\"noopener noreferrer\" data-caption=\"COTRAN - Controle de Transportes\" data-rel=\"lightbox-image-5\" data-rl_title=\"\" data-rl_caption=\"\" title=\"\"><img loading=\"lazy\" decoding=\"async\" width=\"960\" height=\"720\" src=\"https:\/\/cotran.com.br\/inspecaoveicular\/wp-content\/uploads\/2021\/03\/003.jpg\" class=\"\" alt=\"COTRAN-Controle de Transportes\" srcset=\"https:\/\/cotran.com.br\/inspecaoveicular\/wp-content\/uploads\/2021\/03\/003.jpg 960w, https:\/\/cotran.com.br\/inspecaoveicular\/wp-content\/uploads\/2021\/03\/003-300x225.jpg 300w, https:\/\/cotran.com.br\/inspecaoveicular\/wp-content\/uploads\/2021\/03\/003-768x576.jpg 768w\" sizes=\"auto, (max-width: 960px) 100vw, 960px\" \/><\/a><\/div><\/div><div class=\"su-image-carousel-item\"><div class=\"su-image-carousel-item-content\"><a href=\"https:\/\/cotran.com.br\/inspecaoveicular\/wp-content\/uploads\/2021\/03\/002.jpg\" target=\"_blank\" rel=\"noopener noreferrer\" data-caption=\"COTRAN - Controle de Transportes\" data-rel=\"lightbox-image-6\" data-rl_title=\"\" data-rl_caption=\"\" title=\"\"><img loading=\"lazy\" decoding=\"async\" width=\"960\" height=\"720\" src=\"https:\/\/cotran.com.br\/inspecaoveicular\/wp-content\/uploads\/2021\/03\/002.jpg\" class=\"\" alt=\"COTRAN-Vistoria Veicular\" srcset=\"https:\/\/cotran.com.br\/inspecaoveicular\/wp-content\/uploads\/2021\/03\/002.jpg 960w, https:\/\/cotran.com.br\/inspecaoveicular\/wp-content\/uploads\/2021\/03\/002-300x225.jpg 300w, https:\/\/cotran.com.br\/inspecaoveicular\/wp-content\/uploads\/2021\/03\/002-768x576.jpg 768w\" sizes=\"auto, (max-width: 960px) 100vw, 960px\" \/><\/a><\/div><\/div><div class=\"su-image-carousel-item\"><div class=\"su-image-carousel-item-content\"><a href=\"https:\/\/cotran.com.br\/inspecaoveicular\/wp-content\/uploads\/2021\/03\/001-1.jpg\" target=\"_blank\" rel=\"noopener noreferrer\" data-caption=\"COTRAN - Controle de Transportes\" data-rel=\"lightbox-image-7\" data-rl_title=\"\" data-rl_caption=\"\" title=\"\"><img loading=\"lazy\" decoding=\"async\" width=\"709\" height=\"800\" src=\"https:\/\/cotran.com.br\/inspecaoveicular\/wp-content\/uploads\/2021\/03\/001-1.jpg\" class=\"\" alt=\"COTRAN-Vistoria Veicular\" srcset=\"https:\/\/cotran.com.br\/inspecaoveicular\/wp-content\/uploads\/2021\/03\/001-1.jpg 709w, https:\/\/cotran.com.br\/inspecaoveicular\/wp-content\/uploads\/2021\/03\/001-1-266x300.jpg 266w\" sizes=\"auto, (max-width: 709px) 100vw, 709px\" \/><\/a><\/div><\/div><div class=\"su-image-carousel-item\"><div class=\"su-image-carousel-item-content\"><a href=\"https:\/\/cotran.com.br\/inspecaoveicular\/wp-content\/uploads\/2021\/03\/001.jpg\" target=\"_blank\" rel=\"noopener noreferrer\" data-caption=\"COTRAN - Controle de Transportes\" data-rel=\"lightbox-image-8\" data-rl_title=\"\" data-rl_caption=\"\" title=\"\"><img loading=\"lazy\" decoding=\"async\" width=\"960\" height=\"720\" src=\"https:\/\/cotran.com.br\/inspecaoveicular\/wp-content\/uploads\/2021\/03\/001.jpg\" class=\"\" alt=\"COTRAN Vistoria Veicular\" srcset=\"https:\/\/cotran.com.br\/inspecaoveicular\/wp-content\/uploads\/2021\/03\/001.jpg 960w, https:\/\/cotran.com.br\/inspecaoveicular\/wp-content\/uploads\/2021\/03\/001-300x225.jpg 300w, https:\/\/cotran.com.br\/inspecaoveicular\/wp-content\/uploads\/2021\/03\/001-768x576.jpg 768w\" sizes=\"auto, (max-width: 960px) 100vw, 960px\" \/><\/a><\/div><\/div><\/div><script id=\"su_image_carousel_69e3651947a75_script\">if(window.SUImageCarousel){setTimeout(function() {window.SUImageCarousel.initGallery(document.getElementById(\"su_image_carousel_69e3651947a75\"))}, 0);}var su_image_carousel_69e3651947a75_script=document.getElementById(\"su_image_carousel_69e3651947a75_script\");if(su_image_carousel_69e3651947a75_script){su_image_carousel_69e3651947a75_script.parentNode.removeChild(su_image_carousel_69e3651947a75_script);}<\/script>\n<h2><strong>O QUE VOC\u00ca PRECISA SABER SOBRE VE\u00cdCULOS BLINDADOS<\/strong><\/h2>\n<p>Clique nos t\u00f3picos abaixo e saiba mais sobre vistoria em ve\u00edculos blindados:<\/p>\n<div class=\"su-spoiler su-spoiler-style-fancy su-spoiler-icon-plus-circle su-spoiler-closed\" data-scroll-offset=\"0\" data-anchor-in-url=\"no\"><div class=\"su-spoiler-title\" tabindex=\"0\" role=\"button\"><span class=\"su-spoiler-icon\"><\/span>O QUE \u00c9  PRECISO PARA BLINDAR UM VE\u00cdCULO?<\/div><div class=\"su-spoiler-content su-u-clearfix su-u-trim\">\n<p>Na hora de fazer a blindagem em seu ve\u00edculo, \u00e9 fundamental verificar se a empresa que realizar\u00e1 o servi\u00e7o de blindagem possui o <strong>Certificado de Registro (CR) emitido pelo Ex\u00e9rcito<\/strong>.<\/p>\n<p>\u00c9 necess\u00e1rio ainda que tal empresa, devidamente certificada, <strong>solicite ao Ex\u00e9rcito uma autoriza\u00e7\u00e3o espec\u00edfica para blindar seu ve\u00edculo<\/strong>, que dever\u00e1 ser especificado pela empresa de blindagem, (conforme a regulamenta\u00e7\u00e3o da Portaria 013 \u2013 Dlog, de 19 de agosto de 2002).<\/p>\n<p>Ap\u00f3s emitida a autoriza\u00e7\u00e3o, o cliente dever\u00e1 se dirigir a uma <strong>Institui\u00e7\u00e3o T\u00e9cnica Licenciada (ITL)<\/strong> &#8211; que \u00e9 uma<strong> empresa de inspe\u00e7\u00e3o<\/strong> devidamente <strong>credenciada pelo Inmetro e licenciada pelo DENATRAN<\/strong> &#8211; onde o ve\u00edculo ser\u00e1 inspecionado em todos os itens relacionados \u00e0 seguran\u00e7a veicular.<br \/>\n&#8211; A listagem das ITL pode ser encontrada no site do Inmetro.<\/p>\n<p>Para concluir o processo de regulariza\u00e7\u00e3o, o ve\u00edculo dever\u00e1 ainda passar por um <strong>Posto de Vistoria Veicular<\/strong>, com agendamento pr\u00e9vio para o servi\u00e7o de Altera\u00e7\u00e3o de Caracter\u00edsticas, (excetuando-se os casos de blindagem realizada juntamente com o Primeiro Emplacamento, que \u00e9 realizado sem agendamento).<\/p>\n<a href=\"https:\/\/cotran.com.br\/inspecaoveicular\/contato\/\" class=\"su-button su-button-style-default\" style=\"color:#FFFFFF;background-color:#15459A;border-color:#11387c;border-radius:6px\" target=\"_self\"><span style=\"color:#FFFFFF;padding:6px 18px;font-size:14px;line-height:21px;border-color:#5c7db9;border-radius:6px;text-shadow:none\"><i class=\"sui sui-headphones\" style=\"font-size:14px;color:#FFFFFF\"><\/i> FALE CONOSCO<\/span><\/a> <a href=\"https:\/\/cotran.com.br\/inspecaoveicular\/tabela-precos\/\" class=\"su-button su-button-style-default\" style=\"color:#000000;background-color:#FFBA00;border-color:#cc9500;border-radius:6px\" target=\"_self\"><span style=\"color:#000000;padding:6px 18px;font-size:14px;line-height:21px;border-color:#ffcf4d;border-radius:6px;text-shadow:none\"><i class=\"sui sui-search-plus\" style=\"font-size:14px;color:#FFFFFF\"><\/i> VER PRE\u00c7OS<\/span><\/a>\n<\/div><\/div>\n<div class=\"su-spoiler su-spoiler-style-fancy su-spoiler-icon-plus-circle su-spoiler-closed\" data-scroll-offset=\"0\" data-anchor-in-url=\"no\"><div class=\"su-spoiler-title\" tabindex=\"0\" role=\"button\"><span class=\"su-spoiler-icon\"><\/span>DOCUMENTA\u00c7\u00c3O NECESS\u00c1RIA PRIMEIRO EMPLACAMENTO E PRIMEIRA LICEN\u00c7A<\/div><div class=\"su-spoiler-content su-u-clearfix su-u-trim\">\n<p><strong>DOCUMENTA\u00c7\u00c3O NECESS\u00c1RIA:<\/strong><\/p>\n<ul>\n<li>Original e c\u00f3pia do documento de identifica\u00e7\u00e3o;<\/li>\n<li>Original e c\u00f3pia do CPF;<\/li>\n<li>Original e c\u00f3pia do comprovante de resid\u00eancia (documento com menos de seis meses de emiss\u00e3o e recebido atrav\u00e9s dos correios);<\/li>\n<li>Duda de Primeira Licen\u00e7a no c\u00f3digo 001-9 pago em qualquer ag\u00eancia banc\u00e1ria por meio de Guia para Regulariza\u00e7\u00e3o de D\u00e9bitos (GRD);<\/li>\n<li>Duda de Altera\u00e7\u00e3o de Caracter\u00edsticas no c\u00f3digo 002-7 pago em qualquer ag\u00eancia banc\u00e1ria por meio de GRD;<\/li>\n<li>Original do Certificado de Seguran\u00e7a Veicular (CSV);<\/li>\n<li>Original da autoriza\u00e7\u00e3o do Ex\u00e9rcito, conforme a Resolu\u00e7\u00e3o CONTRAN n\u00ba 292\/2008, para blindagens realizadas ap\u00f3s 22.08.2002;<\/li>\n<li>Nota fiscal quando o servi\u00e7o for anterior a agosto de 2002.<\/li>\n<li>A informa\u00e7\u00e3o \u201c<strong>VE\u00cdCULO BLINDADO<\/strong>\u201d dever\u00e1 constar no campo das observa\u00e7\u00f5es do CRV e do CRLV recebidos pelo cliente.<\/li>\n<\/ul>\n<a href=\"https:\/\/cotran.com.br\/inspecaoveicular\/contato\/\" class=\"su-button su-button-style-default\" style=\"color:#FFFFFF;background-color:#15459A;border-color:#11387c;border-radius:6px\" target=\"_self\"><span style=\"color:#FFFFFF;padding:6px 18px;font-size:14px;line-height:21px;border-color:#5c7db9;border-radius:6px;text-shadow:none\"><i class=\"sui sui-headphones\" style=\"font-size:14px;color:#FFFFFF\"><\/i> FALE CONOSCO<\/span><\/a> <a href=\"https:\/\/cotran.com.br\/inspecaoveicular\/tabela-precos\/\" class=\"su-button su-button-style-default\" style=\"color:#000000;background-color:#FFBA00;border-color:#cc9500;border-radius:6px\" target=\"_self\"><span style=\"color:#000000;padding:6px 18px;font-size:14px;line-height:21px;border-color:#ffcf4d;border-radius:6px;text-shadow:none\"><i class=\"sui sui-search-plus\" style=\"font-size:14px;color:#FFFFFF\"><\/i> VER PRE\u00c7OS<\/span><\/a>\n<\/div><\/div>\n<div class=\"su-spoiler su-spoiler-style-fancy su-spoiler-icon-plus-circle su-spoiler-closed\" data-scroll-offset=\"0\" data-anchor-in-url=\"no\"><div class=\"su-spoiler-title\" tabindex=\"0\" role=\"button\"><span class=\"su-spoiler-icon\"><\/span>DOCUMENTOS NECESS\u00c1RIOS PARA LICENCIAMENTO ANUAL:<\/div><div class=\"su-spoiler-content su-u-clearfix su-u-trim\">\n<p><strong>CASO 01: Quando h\u00e1 a informa\u00e7\u00e3o \u201cVE\u00cdCULO BLINDADO\u201d no campo das observa\u00e7\u00f5es do CRV\/CRLV:<\/strong><\/p>\n<div class=\"su-note\">\n<div class=\"su-note-inner su-clearfix\">\n<p>DOCUMENTA\u00c7\u00c3O NECESS\u00c1RIA:<\/p>\n<ul>\n<li>Original do Certificado de Registro de Ve\u00edculo (CRV) ou \u00faltimo Certificado de Registro e Licenciamento de Ve\u00edculos (CRLV);<\/li>\n<li>Comprovante de resid\u00eancia (original ou c\u00f3pia), que ser\u00e1 anexado ao processo, caso o cliente tenha alterado seu endere\u00e7o dentro do mesmo munic\u00edpio.<\/li>\n<\/ul>\n<\/div>\n<\/div>\n<div class=\"su-note\">\n<div class=\"su-note-inner su-clearfix\">\n<p><strong>CASO 02: Quando ainda N\u00c3O h\u00e1 a informa\u00e7\u00e3o \u201cVE\u00cdCULO BLINDADO\u201d no campo das observa\u00e7\u00f5es do CRV\/CRLV:\u00a0<\/strong><br \/>\nOu seja:\u00a0 o cliente realizar\u00e1 o servi\u00e7o de Licenciamento Anual juntamente com a Altera\u00e7\u00e3o de Caracter\u00edsticas (blindagem).<\/p>\n<p><strong>DOCUMENTA\u00c7\u00c3O NECESS\u00c1RIA:<\/strong><\/p>\n<ul>\n<li>Original e c\u00f3pia do documento de identifica\u00e7\u00e3o;<\/li>\n<li>Original e c\u00f3pia do CPF;<\/li>\n<li>Original e c\u00f3pia do comprovante de resid\u00eancia (documento com menos de seis meses de emiss\u00e3o e recebido atrav\u00e9s dos Correios);<\/li>\n<li>Duda de Altera\u00e7\u00e3o de Caracter\u00edsticas no c\u00f3digo 002-7 pago em qualquer ag\u00eancia banc\u00e1ria por meio de GRD;<\/li>\n<li>Original do Certificado de Seguran\u00e7a Veicular (CSV);<\/li>\n<li>Original da autoriza\u00e7\u00e3o do Ex\u00e9rcito, conforme a Resolu\u00e7\u00e3o CONTRAN n\u00ba 292\/2008, para blindagens realizadas ap\u00f3s 22.08.2002;<\/li>\n<li>Nota fiscal quando o servi\u00e7o for anterior a agosto de 2002;<\/li>\n<li>CRV original;<\/li>\n<li>A informa\u00e7\u00e3o \u201cVE\u00cdCULO BLINDADO\u201d dever\u00e1 constar no campo das observa\u00e7\u00f5es do CRV e do CRLV recebidos pelo cliente.<\/li>\n<\/ul>\n<\/div>\n<\/div>\n<\/div><\/div>\n<div class=\"su-spoiler su-spoiler-style-fancy su-spoiler-icon-plus-circle su-spoiler-closed\" data-scroll-offset=\"0\" data-anchor-in-url=\"no\"><div class=\"su-spoiler-title\" tabindex=\"0\" role=\"button\"><span class=\"su-spoiler-icon\"><\/span>TRANSFER\u00caNCIA DE PROPRIEDADE VE\u00cdCULO BLINDADO:<\/div><div class=\"su-spoiler-content su-u-clearfix su-u-trim\">\n<p><strong>CASO 01 \u2013 Quando h\u00e1 a informa\u00e7\u00e3o \u201cVE\u00cdCULO BLINDADO\u201d no campo das observa\u00e7\u00f5es do CRV\/CRLV:<\/strong><\/p>\n<p>Para executar a transfer\u00eancia de propriedade de um ve\u00edculo blindado, h\u00e1 a necessidade do cliente, novo propriet\u00e1rio, apresentar a \u201cDeclara\u00e7\u00e3o de Blindagem de Ve\u00edculos de Passeio\u201d expedida pelo Servi\u00e7o de Fiscaliza\u00e7\u00e3o de Produtos Controlados da 1\u00aa Regi\u00e3o Militar, al\u00e9m de toda documenta\u00e7\u00e3o para o servi\u00e7o Transfer\u00eancia de Propriedade.<\/p>\n<p><strong>CASO 02 \u2013 Quando N\u00c3O h\u00e1 a informa\u00e7\u00e3o \u201cVE\u00cdCULO BLINDADO\u201d no campo das observa\u00e7\u00f5es do CRV\/CRLV:<\/strong><br \/>\nDever\u00e1 realizar o servi\u00e7o Altera\u00e7\u00e3o de Caracter\u00edsticas juntamente com a Transfer\u00eancia de Propriedade.<\/p>\n<p>DOCUMENTA\u00c7\u00c3O NECESS\u00c1RIA:<\/p>\n<p>Original e c\u00f3pia do documento de identifica\u00e7\u00e3o;<br \/>\nOriginal e c\u00f3pia do CPF;<br \/>\nOriginal e c\u00f3pia do comprovante de resid\u00eancia (documento com menos de seis meses de emiss\u00e3o e recebido atrav\u00e9s dos Correios);<br \/>\nDuda de Altera\u00e7\u00e3o de Caracter\u00edsticas no c\u00f3digo 002-7 pago em qualquer ag\u00eancia banc\u00e1ria por meio de GRD;<br \/>\nDuda de Transfer\u00eancia de Propriedade no c\u00f3digo 014-0 pago em qualquer ag\u00eancia banc\u00e1ria por meio de GRD;<br \/>\nOriginal do Certificado de Seguran\u00e7a Veicular (CSV);<br \/>\nOriginal da autoriza\u00e7\u00e3o do Ex\u00e9rcito, conforme a Resolu\u00e7\u00e3o CONTRAN n\u00ba 292\/2008, para blindagens realizadas ap\u00f3s a publica\u00e7\u00e3o da Portaria 013 \u2013 Dlog, de 19 de agosto de 2002, ou seja, 22.08.2002;<br \/>\nOriginal da autoriza\u00e7\u00e3o do Ex\u00e9rcito, conforme a Resolu\u00e7\u00e3o CONTRAN n\u00ba 292\/2008, para blindagens realizadas ap\u00f3s 22.08.2002;<br \/>\nNota fiscal quando o servi\u00e7o for anterior a agosto de 2002;<br \/>\nA informa\u00e7\u00e3o \u201cVE\u00cdCULO BLINDADO\u201d dever\u00e1 constar no campo das observa\u00e7\u00f5es do CRV e do CRLV recebidos pelo cliente.<\/p>\n<\/div><\/div>\n<p>&nbsp;<\/p>\n<a href=\"https:\/\/cotran.com.br\/inspecaoveicular\/tabela-precos\/\" class=\"su-button su-button-style-default\" style=\"color:#FFFFFF;background-color:#15459A;border-color:#11387c;border-radius:6px\" target=\"_self\"><span style=\"color:#FFFFFF;padding:6px 18px;font-size:14px;line-height:21px;border-color:#5c7db9;border-radius:6px;text-shadow:none\"><i class=\"sui sui-headphones\" style=\"font-size:14px;color:#FFFFFF\"><\/i> PRE\u00c7OS<\/span><\/a> <a href=\"https:\/\/www.instagram.com\/cotran_vistoria\/\" class=\"su-button su-button-style-default\" style=\"color:#FFFFFF;background-color:#FFBA00;border-color:#cc9500;border-radius:6px\" target=\"_self\"><span style=\"color:#FFFFFF;padding:6px 18px;font-size:14px;line-height:21px;border-color:#ffcf4d;border-radius:6px;text-shadow:none\"><i class=\"sui sui-search-plus\" style=\"font-size:14px;color:#FFFFFF\"><\/i> INSTAGRAM<\/span><\/a> <a href=\"https:\/\/web.whatsapp.com\/send?phone=5521986698115\" class=\"su-button su-button-style-default\" style=\"color:#FFFFFF;background-color:#2D89EF;border-color:#246ec0;border-radius:5px\" target=\"_self\"><span style=\"color:#FFFFFF;padding:6px 16px;font-size:13px;line-height:20px;border-color:#6cadf4;border-radius:5px;text-shadow:none\"><i class=\"sui sui-search-plus\" style=\"font-size:13px;color:#FFFFFF\"><\/i> WHATSAPP<\/span><\/a>\n<p>&nbsp;<\/p>\n<p><a href=\"https:\/\/cotran.com.br\/inspecaoveicular\/contato\/\"><img loading=\"lazy\" decoding=\"async\" class=\"wp-image-200 size-full alignleft\" src=\"https:\/\/cotran.com.br\/inspecaoveicular\/wp-content\/uploads\/2021\/03\/banner4.jpg\" alt=\"Inspe\u00e7\u00e3o de carro blindado\" width=\"800\" height=\"275\" srcset=\"https:\/\/cotran.com.br\/inspecaoveicular\/wp-content\/uploads\/2021\/03\/banner4.jpg 800w, https:\/\/cotran.com.br\/inspecaoveicular\/wp-content\/uploads\/2021\/03\/banner4-300x103.jpg 300w, https:\/\/cotran.com.br\/inspecaoveicular\/wp-content\/uploads\/2021\/03\/banner4-768x264.jpg 768w\" sizes=\"auto, (max-width: 800px) 100vw, 800px\" \/><\/a><\/p>\n","protected":false},"excerpt":{"rendered":"<p>O QUE VOC\u00ca PRECISA SABER SOBRE VE\u00cdCULOS BLINDADOS Clique nos t\u00f3picos abaixo e saiba mais sobre vistoria em ve\u00edculos blindados: &nbsp; &nbsp;<\/p>\n","protected":false},"author":1,"featured_media":0,"parent":0,"menu_order":0,"comment_status":"closed","ping_status":"closed","template":"","meta":{"footnotes":"","_links_to":"","_links_to_target":""},"class_list":["post-16","page","type-page","status-publish","hentry"],"_links":{"self":[{"href":"https:\/\/cotran.com.br\/inspecaoveicular\/wp-json\/wp\/v2\/pages\/16","targetHints":{"allow":["GET"]}}],"collection":[{"href":"https:\/\/cotran.com.br\/inspecaoveicular\/wp-json\/wp\/v2\/pages"}],"about":[{"href":"https:\/\/cotran.com.br\/inspecaoveicular\/wp-json\/wp\/v2\/types\/page"}],"author":[{"embeddable":true,"href":"https:\/\/cotran.com.br\/inspecaoveicular\/wp-json\/wp\/v2\/users\/1"}],"replies":[{"embeddable":true,"href":"https:\/\/cotran.com.br\/inspecaoveicular\/wp-json\/wp\/v2\/comments?post=16"}],"version-history":[{"count":5,"href":"https:\/\/cotran.com.br\/inspecaoveicular\/wp-json\/wp\/v2\/pages\/16\/revisions"}],"predecessor-version":[{"id":296,"href":"https:\/\/cotran.com.br\/inspecaoveicular\/wp-json\/wp\/v2\/pages\/16\/revisions\/296"}],"wp:attachment":[{"href":"https:\/\/cotran.com.br\/inspecaoveicular\/wp-json\/wp\/v2\/media?parent=16"}],"curies":[{"name":"wp","href":"https:\/\/api.w.org\/{rel}","templated":true}]}}