{"id":18,"date":"2021-02-23T16:50:26","date_gmt":"2021-02-23T19:50:26","guid":{"rendered":"https:\/\/cotran.com.br\/inspecaoveicular\/?page_id=18"},"modified":"2023-01-24T11:56:54","modified_gmt":"2023-01-24T14:56:54","slug":"recuperados-de-sinistro","status":"publish","type":"page","link":"https:\/\/cotran.com.br\/inspecaoveicular\/recuperados-de-sinistro\/","title":{"rendered":"Recuperados De Sinistro"},"content":{"rendered":"<div class=\"su-note\"  style=\"border-color:#dddddd;border-radius:3px;-moz-border-radius:3px;-webkit-border-radius:3px;\"><div class=\"su-note-inner su-u-clearfix su-u-trim\" style=\"background-color:#f7f7f7;border-color:#ffffff;color:#333333;border-radius:3px;-moz-border-radius:3px;-webkit-border-radius:3px;\">\n<p><strong>Conte conosco na hora de fazer a inspe\u00e7\u00e3o obrigat\u00f3ria em seu ve\u00edculo recuperado de sinistro!<\/strong><br \/>\nA Cotran atua com inspe\u00e7\u00e3o obrigat\u00f3ria para licenciamento anual em ve\u00edculos recuperados de sinistro.<br \/>\nTemos os melhores pre\u00e7os, profissionais experientes em inspe\u00e7\u00e3o veicular e acredita\u00e7\u00e3o da Coordena\u00e7\u00e3o Geral de Acredita\u00e7\u00e3o do INMETRO.<br \/>\n<strong>Fa\u00e7a conosco a sua inspe\u00e7\u00e3o veicular obrigat\u00f3ria com os melhores pre\u00e7os do RJ!<\/strong><\/p>\n<\/div><\/div>\n<div class=\"su-image-carousel  su-image-carousel-columns-3 su-image-carousel-has-spacing su-image-carousel-crop su-image-carousel-crop-4-3 su-image-carousel-has-lightbox su-image-carousel-has-outline su-image-carousel-adaptive su-image-carousel-slides-style-default su-image-carousel-controls-style-dark su-image-carousel-align-none\" style=\"\" data-flickity-options='{\"groupCells\":true,\"cellSelector\":\".su-image-carousel-item\",\"adaptiveHeight\":false,\"cellAlign\":\"left\",\"prevNextButtons\":true,\"pageDots\":true,\"autoPlay\":5000,\"imagesLoaded\":true,\"contain\":true,\"selectedAttraction\":0.025000000000000001387778780781445675529539585113525390625,\"friction\":0.2800000000000000266453525910037569701671600341796875}' id=\"su_image_carousel_69e367484ea70\"><div class=\"su-image-carousel-item\"><div class=\"su-image-carousel-item-content\"><a href=\"https:\/\/cotran.com.br\/inspecaoveicular\/wp-content\/uploads\/2021\/03\/007.jpg\" target=\"_blank\" rel=\"noopener noreferrer\" data-caption=\"COTRAN - Controle de Transportes\" data-rel=\"lightbox-image-0\" data-rl_title=\"\" data-rl_caption=\"\" title=\"\"><img loading=\"lazy\" decoding=\"async\" width=\"960\" height=\"720\" src=\"https:\/\/cotran.com.br\/inspecaoveicular\/wp-content\/uploads\/2021\/03\/007.jpg\" class=\"\" alt=\"COTRAN-Controle de Transportes\" srcset=\"https:\/\/cotran.com.br\/inspecaoveicular\/wp-content\/uploads\/2021\/03\/007.jpg 960w, https:\/\/cotran.com.br\/inspecaoveicular\/wp-content\/uploads\/2021\/03\/007-300x225.jpg 300w, https:\/\/cotran.com.br\/inspecaoveicular\/wp-content\/uploads\/2021\/03\/007-768x576.jpg 768w\" sizes=\"auto, (max-width: 960px) 100vw, 960px\" \/><\/a><\/div><\/div><div class=\"su-image-carousel-item\"><div class=\"su-image-carousel-item-content\"><a href=\"https:\/\/cotran.com.br\/inspecaoveicular\/wp-content\/uploads\/2021\/03\/006.jpg\" target=\"_blank\" rel=\"noopener noreferrer\" data-caption=\"COTRAN - Controle de Transportes\" data-rel=\"lightbox-image-1\" data-rl_title=\"\" data-rl_caption=\"\" title=\"\"><img loading=\"lazy\" decoding=\"async\" width=\"960\" height=\"720\" src=\"https:\/\/cotran.com.br\/inspecaoveicular\/wp-content\/uploads\/2021\/03\/006.jpg\" class=\"\" alt=\"COTRAN - Controle de Transportes\" srcset=\"https:\/\/cotran.com.br\/inspecaoveicular\/wp-content\/uploads\/2021\/03\/006.jpg 960w, https:\/\/cotran.com.br\/inspecaoveicular\/wp-content\/uploads\/2021\/03\/006-300x225.jpg 300w, https:\/\/cotran.com.br\/inspecaoveicular\/wp-content\/uploads\/2021\/03\/006-768x576.jpg 768w\" sizes=\"auto, (max-width: 960px) 100vw, 960px\" \/><\/a><\/div><\/div><div class=\"su-image-carousel-item\"><div class=\"su-image-carousel-item-content\"><a href=\"https:\/\/cotran.com.br\/inspecaoveicular\/wp-content\/uploads\/2021\/03\/005.jpg\" target=\"_blank\" rel=\"noopener noreferrer\" data-caption=\"COTRAN - Controle de Transportes\" data-rel=\"lightbox-image-2\" data-rl_title=\"\" data-rl_caption=\"\" title=\"\"><img loading=\"lazy\" decoding=\"async\" width=\"960\" height=\"720\" src=\"https:\/\/cotran.com.br\/inspecaoveicular\/wp-content\/uploads\/2021\/03\/005.jpg\" class=\"\" alt=\"COTRAN-Controle de Transportes\" srcset=\"https:\/\/cotran.com.br\/inspecaoveicular\/wp-content\/uploads\/2021\/03\/005.jpg 960w, https:\/\/cotran.com.br\/inspecaoveicular\/wp-content\/uploads\/2021\/03\/005-300x225.jpg 300w, https:\/\/cotran.com.br\/inspecaoveicular\/wp-content\/uploads\/2021\/03\/005-768x576.jpg 768w\" sizes=\"auto, (max-width: 960px) 100vw, 960px\" \/><\/a><\/div><\/div><div class=\"su-image-carousel-item\"><div class=\"su-image-carousel-item-content\"><a href=\"https:\/\/cotran.com.br\/inspecaoveicular\/wp-content\/uploads\/2021\/03\/004.jpg\" target=\"_blank\" rel=\"noopener noreferrer\" data-caption=\"COTRAN - Controle de Transportes\" data-rel=\"lightbox-image-3\" data-rl_title=\"\" data-rl_caption=\"\" title=\"\"><img loading=\"lazy\" decoding=\"async\" width=\"960\" height=\"720\" src=\"https:\/\/cotran.com.br\/inspecaoveicular\/wp-content\/uploads\/2021\/03\/004.jpg\" class=\"\" alt=\"COTRAN-Controle de Transportes\" srcset=\"https:\/\/cotran.com.br\/inspecaoveicular\/wp-content\/uploads\/2021\/03\/004.jpg 960w, https:\/\/cotran.com.br\/inspecaoveicular\/wp-content\/uploads\/2021\/03\/004-300x225.jpg 300w, https:\/\/cotran.com.br\/inspecaoveicular\/wp-content\/uploads\/2021\/03\/004-768x576.jpg 768w\" sizes=\"auto, (max-width: 960px) 100vw, 960px\" \/><\/a><\/div><\/div><div class=\"su-image-carousel-item\"><div class=\"su-image-carousel-item-content\"><a href=\"https:\/\/cotran.com.br\/inspecaoveicular\/wp-content\/uploads\/2021\/03\/003.jpg\" target=\"_blank\" rel=\"noopener noreferrer\" data-caption=\"COTRAN - Controle de Transportes\" data-rel=\"lightbox-image-4\" data-rl_title=\"\" data-rl_caption=\"\" title=\"\"><img loading=\"lazy\" decoding=\"async\" width=\"960\" height=\"720\" src=\"https:\/\/cotran.com.br\/inspecaoveicular\/wp-content\/uploads\/2021\/03\/003.jpg\" class=\"\" alt=\"COTRAN-Controle de Transportes\" srcset=\"https:\/\/cotran.com.br\/inspecaoveicular\/wp-content\/uploads\/2021\/03\/003.jpg 960w, https:\/\/cotran.com.br\/inspecaoveicular\/wp-content\/uploads\/2021\/03\/003-300x225.jpg 300w, https:\/\/cotran.com.br\/inspecaoveicular\/wp-content\/uploads\/2021\/03\/003-768x576.jpg 768w\" sizes=\"auto, (max-width: 960px) 100vw, 960px\" \/><\/a><\/div><\/div><div class=\"su-image-carousel-item\"><div class=\"su-image-carousel-item-content\"><a href=\"https:\/\/cotran.com.br\/inspecaoveicular\/wp-content\/uploads\/2021\/03\/002.jpg\" target=\"_blank\" rel=\"noopener noreferrer\" data-caption=\"COTRAN - Controle de Transportes\" data-rel=\"lightbox-image-5\" data-rl_title=\"\" data-rl_caption=\"\" title=\"\"><img loading=\"lazy\" decoding=\"async\" width=\"960\" height=\"720\" src=\"https:\/\/cotran.com.br\/inspecaoveicular\/wp-content\/uploads\/2021\/03\/002.jpg\" class=\"\" alt=\"COTRAN-Vistoria Veicular\" srcset=\"https:\/\/cotran.com.br\/inspecaoveicular\/wp-content\/uploads\/2021\/03\/002.jpg 960w, https:\/\/cotran.com.br\/inspecaoveicular\/wp-content\/uploads\/2021\/03\/002-300x225.jpg 300w, https:\/\/cotran.com.br\/inspecaoveicular\/wp-content\/uploads\/2021\/03\/002-768x576.jpg 768w\" sizes=\"auto, (max-width: 960px) 100vw, 960px\" \/><\/a><\/div><\/div><div class=\"su-image-carousel-item\"><div class=\"su-image-carousel-item-content\"><a href=\"https:\/\/cotran.com.br\/inspecaoveicular\/wp-content\/uploads\/2021\/03\/001-1.jpg\" target=\"_blank\" rel=\"noopener noreferrer\" data-caption=\"COTRAN - Controle de Transportes\" data-rel=\"lightbox-image-6\" data-rl_title=\"\" data-rl_caption=\"\" title=\"\"><img loading=\"lazy\" decoding=\"async\" width=\"709\" height=\"800\" src=\"https:\/\/cotran.com.br\/inspecaoveicular\/wp-content\/uploads\/2021\/03\/001-1.jpg\" class=\"\" alt=\"COTRAN-Vistoria Veicular\" srcset=\"https:\/\/cotran.com.br\/inspecaoveicular\/wp-content\/uploads\/2021\/03\/001-1.jpg 709w, https:\/\/cotran.com.br\/inspecaoveicular\/wp-content\/uploads\/2021\/03\/001-1-266x300.jpg 266w\" sizes=\"auto, (max-width: 709px) 100vw, 709px\" \/><\/a><\/div><\/div><div class=\"su-image-carousel-item\"><div class=\"su-image-carousel-item-content\"><a href=\"https:\/\/cotran.com.br\/inspecaoveicular\/wp-content\/uploads\/2021\/03\/001.jpg\" target=\"_blank\" rel=\"noopener noreferrer\" data-caption=\"COTRAN - Controle de Transportes\" data-rel=\"lightbox-image-7\" data-rl_title=\"\" data-rl_caption=\"\" title=\"\"><img loading=\"lazy\" decoding=\"async\" width=\"960\" height=\"720\" src=\"https:\/\/cotran.com.br\/inspecaoveicular\/wp-content\/uploads\/2021\/03\/001.jpg\" class=\"\" alt=\"COTRAN Vistoria Veicular\" srcset=\"https:\/\/cotran.com.br\/inspecaoveicular\/wp-content\/uploads\/2021\/03\/001.jpg 960w, https:\/\/cotran.com.br\/inspecaoveicular\/wp-content\/uploads\/2021\/03\/001-300x225.jpg 300w, https:\/\/cotran.com.br\/inspecaoveicular\/wp-content\/uploads\/2021\/03\/001-768x576.jpg 768w\" sizes=\"auto, (max-width: 960px) 100vw, 960px\" \/><\/a><\/div><\/div><\/div><script id=\"su_image_carousel_69e367484ea70_script\">if(window.SUImageCarousel){setTimeout(function() {window.SUImageCarousel.initGallery(document.getElementById(\"su_image_carousel_69e367484ea70\"))}, 0);}var su_image_carousel_69e367484ea70_script=document.getElementById(\"su_image_carousel_69e367484ea70_script\");if(su_image_carousel_69e367484ea70_script){su_image_carousel_69e367484ea70_script.parentNode.removeChild(su_image_carousel_69e367484ea70_script);}<\/script>\n<h2><strong>O QUE VOC\u00ca PRECISA SABER SOBRE VE\u00cdCULOS RECUPERADOS DE SINISTRO<\/strong><\/h2>\n<p>Clique nos t\u00f3picos abaixo e saiba mais sobre vistoria em ve\u00edculos blindados:<\/p>\n<div class=\"su-spoiler su-spoiler-style-fancy su-spoiler-icon-plus-circle su-spoiler-closed\" data-scroll-offset=\"0\" data-anchor-in-url=\"no\"><div class=\"su-spoiler-title\" tabindex=\"0\" role=\"button\"><span class=\"su-spoiler-icon\"><\/span>COMO REGULARIZAR UM VE\u00cdCULO RECUPERADO DE SINISTRO?<\/div><div class=\"su-spoiler-content su-u-clearfix su-u-trim\">\n<p>Se o seu carro teve o documento bloqueado ap\u00f3s ter se envolvido em acidente ou leil\u00e3o, por exemplo, carro retomado de financiamento. \u00e9 porque a nova Legisla\u00e7\u00e3o de Tr\u00e2nsito estabelece que ele s\u00f3 poder\u00e1 retornar \u00e0 circula\u00e7\u00e3o depois de ser aprovado em uma Inspe\u00e7\u00e3o de Seguran\u00e7a.<br \/>\nPara regularizar a situa\u00e7\u00e3o do ve\u00edculo, ap\u00f3s o conserto, basta apresenta-lo para inspe\u00e7\u00e3o em uma de nossas unidades de atendimento.<br \/>\nSer\u00e3o avaliados os sistemas de dire\u00e7\u00e3o, freios, suspens\u00e3o, carro\u00e7aria, ilumina\u00e7\u00e3o, pneus, rodas e componentes obrigat\u00f3rios.<\/p>\n<a href=\"https:\/\/cotran.com.br\/inspecaoveicular\/contato\/\" class=\"su-button su-button-style-default\" style=\"color:#FFFFFF;background-color:#15459A;border-color:#11387c;border-radius:6px\" target=\"_self\"><span style=\"color:#FFFFFF;padding:6px 18px;font-size:14px;line-height:21px;border-color:#5c7db9;border-radius:6px;text-shadow:none\"><i class=\"sui sui-headphones\" style=\"font-size:14px;color:#FFFFFF\"><\/i> FALE CONOSCO<\/span><\/a> <a href=\"https:\/\/cotran.com.br\/inspecaoveicular\/tabela-precos\/\" class=\"su-button su-button-style-default\" style=\"color:#000000;background-color:#FFBA00;border-color:#cc9500;border-radius:6px\" target=\"_self\"><span style=\"color:#000000;padding:6px 18px;font-size:14px;line-height:21px;border-color:#ffcf4d;border-radius:6px;text-shadow:none\"><i class=\"sui sui-search-plus\" style=\"font-size:14px;color:#FFFFFF\"><\/i> VER PRE\u00c7OS<\/span><\/a>\n<\/div><\/div>\n<div class=\"su-spoiler su-spoiler-style-fancy su-spoiler-icon-plus-circle su-spoiler-closed\" data-scroll-offset=\"0\" data-anchor-in-url=\"no\"><div class=\"su-spoiler-title\" tabindex=\"0\" role=\"button\"><span class=\"su-spoiler-icon\"><\/span>E SE O VE\u00cdCULO \u00c9 APROVADO NA INSPE\u00c7\u00c3O?<\/div><div class=\"su-spoiler-content su-u-clearfix su-u-trim\">\n<p>Sendo aprovado, \u00e9 emitido um <strong>Certificado de Seguran\u00e7a Veicular<\/strong> que possibilita o desbloqueio do documento do ve\u00edculo \u2013 n\u00e3o esque\u00e7a de lev\u00e1-lo quando for fazer a inspe\u00e7\u00e3o.<\/p>\n<\/div><\/div>\n<div class=\"su-spoiler su-spoiler-style-fancy su-spoiler-icon-plus-circle su-spoiler-closed\" data-scroll-offset=\"0\" data-anchor-in-url=\"no\"><div class=\"su-spoiler-title\" tabindex=\"0\" role=\"button\"><span class=\"su-spoiler-icon\"><\/span>E SE O VE\u00cdCULO FOI REPROVADO NA INSPE\u00c7\u00c3O?<\/div><div class=\"su-spoiler-content su-u-clearfix su-u-trim\">\n<p>Se o ve\u00edculo for reprovado, recebe somente o <strong>Relat\u00f3rio de Inspe\u00e7\u00e3o<\/strong> contendo a lista para as corre\u00e7\u00f5es.<br \/>\nAp\u00f3s o conserto o ve\u00edculo deve retornar para uma <strong>nova inspe\u00e7\u00e3o<\/strong> dos itens reprovados.<\/p>\n<\/div><\/div>\n<div class=\"su-spoiler su-spoiler-style-fancy su-spoiler-icon-plus-circle su-spoiler-closed\" data-scroll-offset=\"0\" data-anchor-in-url=\"no\"><div class=\"su-spoiler-title\" tabindex=\"0\" role=\"button\"><span class=\"su-spoiler-icon\"><\/span>QUAIS OS PRINCIPAIS ITENS INSPECIONADOS?<\/div><div class=\"su-spoiler-content su-u-clearfix su-u-trim\">\n<div class=\"su-spoiler-content su-clearfix\">\n<p><strong>Conhe\u00e7a os defeitos mais comuns detectados em recuperados de sinistro:<\/strong><\/p>\n<ul>\n<li>Mudan\u00e7a de Carroceria;<\/li>\n<li>Extintor de inc\u00eandio vencido ou inexistente;<\/li>\n<li>Bateria sem prote\u00e7\u00e3o contra curto-circuito;<\/li>\n<li>Desequil\u00edbrio no freio de servi\u00e7o;<\/li>\n<li>Lavador de para-brisa n\u00e3o funciona;<\/li>\n<li>Desalinhamento na suspens\u00e3o (desvio lateral);<\/li>\n<li>Desequil\u00edbrio no freio de estacionamento;<\/li>\n<li>Luz da placa n\u00e3o funciona ou inexistente;<\/li>\n<li>Bateria mal fixada;<\/li>\n<li>Freio de estacionamento com baixa efici\u00eancia;<\/li>\n<li>Farol desregulado ou queimado;<\/li>\n<li>Freio de servi\u00e7o com baixa efici\u00eancia;<\/li>\n<li>Falta de cinto de seguran\u00e7a ou n\u00e3o funciona;<\/li>\n<li>Bra\u00e7os da Suspens\u00e3o com folga excessiva;<\/li>\n<li>Luz de freio n\u00e3o funciona;<\/li>\n<li>Lanterna n\u00e3o funciona;<\/li>\n<li>Banco sem trava de seguran\u00e7a;<\/li>\n<li>Banco com fixa\u00e7\u00e3o inadequada;<\/li>\n<li>Luz alta n\u00e3o funciona;<\/li>\n<li>Luz de marcha-\u00e0-r\u00e9 n\u00e3o funciona;<\/li>\n<li>Buzina n\u00e3o funciona;<\/li>\n<li>Lanternas com cores inadequadas;<\/li>\n<li>Coifa homocin\u00e9tica com problemas;<\/li>\n<li>Pedais sem prote\u00e7\u00e3o de borracha;<\/li>\n<li>Painel de instrumentos n\u00e3o funciona;<\/li>\n<li>Pneu com desgaste excessivo;<\/li>\n<li>Diferen\u00e7a de ader\u00eancia entre os lados do ve\u00edculo;<\/li>\n<li>Fecho da porta com problemas;<\/li>\n<li>Indicador de luz alta n\u00e3o funciona;<\/li>\n<li>Falta tri\u00e2ngulo de seguran\u00e7a;<\/li>\n<li>Para-choque irregular;<\/li>\n<li>Mangueira de combust\u00edvel vazando;<\/li>\n<li>Falta fecho interno;<\/li>\n<li>Falta cinta de prote\u00e7\u00e3o do card\u00e3;<\/li>\n<li>Falta macaco e\/ou chave de roda;<\/li>\n<li>Cambio com engrenamento dif\u00edcil;<\/li>\n<li>Para-brisa trincado;<\/li>\n<li>Fecho do cinto de seguran\u00e7a n\u00e3o funciona;<\/li>\n<li>Amortecedor com funcionamento inadequado;<\/li>\n<li>Porta-luvas n\u00e3o trava;<\/li>\n<li>Fecho do capo do motor com problemas;<\/li>\n<li>Indicador de combust\u00edvel n\u00e3o funciona;<\/li>\n<li>Pneus transpondo os para-lamas;<\/li>\n<li>Agregado com recupera\u00e7\u00e3o por solda;<\/li>\n<li>Porta-malas com dificuldade de abertura;<\/li>\n<li>Fixa\u00e7\u00e3o inadequada do cinto de seguran\u00e7a;<\/li>\n<li>Trincas nas travessas do chassi;<\/li>\n<li>L\u00e2mina de mola quebrada;<\/li>\n<li>Roda com porca faltando;<\/li>\n<li>Fixa\u00e7\u00e3o do escapamento deficiente;<\/li>\n<li>Pneus com medidas e tipos diferentes no mesmo eixo;<\/li>\n<li>Retrovisor quebrado;<\/li>\n<li>Roda trincada;<\/li>\n<li>Sistema el\u00e9trico com problemas;<\/li>\n<li>Limpador de para-brisa n\u00e3o funciona;<\/li>\n<li>Vazamento no sistema de freio.<\/li>\n<\/ul>\n<p>Dentre outros.<\/p>\n<\/div>\n<\/div><\/div>\n<a href=\"https:\/\/cotran.com.br\/inspecaoveicular\/tabela-precos\/\" class=\"su-button su-button-style-default\" style=\"color:#FFFFFF;background-color:#15459A;border-color:#11387c;border-radius:6px\" target=\"_self\"><span style=\"color:#FFFFFF;padding:6px 18px;font-size:14px;line-height:21px;border-color:#5c7db9;border-radius:6px;text-shadow:none\"><i class=\"sui sui-headphones\" style=\"font-size:14px;color:#FFFFFF\"><\/i> PRE\u00c7OS<\/span><\/a> <a href=\"https:\/\/www.instagram.com\/cotran_vistoria\/\" class=\"su-button su-button-style-default\" style=\"color:#FFFFFF;background-color:#FFBA00;border-color:#cc9500;border-radius:6px\" target=\"_self\"><span style=\"color:#FFFFFF;padding:6px 18px;font-size:14px;line-height:21px;border-color:#ffcf4d;border-radius:6px;text-shadow:none\"><i class=\"sui sui-search-plus\" style=\"font-size:14px;color:#FFFFFF\"><\/i> INSTAGRAM<\/span><\/a> <a href=\"https:\/\/web.whatsapp.com\/send?phone=5521986698115\" class=\"su-button su-button-style-default\" style=\"color:#FFFFFF;background-color:#2D89EF;border-color:#246ec0;border-radius:5px\" target=\"_self\"><span style=\"color:#FFFFFF;padding:6px 16px;font-size:13px;line-height:20px;border-color:#6cadf4;border-radius:5px;text-shadow:none\"><i class=\"sui sui-search-plus\" style=\"font-size:13px;color:#FFFFFF\"><\/i> WHATSAPP<\/span><\/a>\n<p>&nbsp;<\/p>\n<p><a href=\"https:\/\/cotran.com.br\/inspecaoveicular\/contato\/\"><img loading=\"lazy\" decoding=\"async\" class=\"alignnone wp-image-205 size-full\" src=\"https:\/\/cotran.com.br\/inspecaoveicular\/wp-content\/uploads\/2021\/03\/banner5.jpg\" alt=\"Inspe\u00e7\u00e3o de carro recuperado de acidentes\" width=\"800\" height=\"275\" srcset=\"https:\/\/cotran.com.br\/inspecaoveicular\/wp-content\/uploads\/2021\/03\/banner5.jpg 800w, https:\/\/cotran.com.br\/inspecaoveicular\/wp-content\/uploads\/2021\/03\/banner5-300x103.jpg 300w, https:\/\/cotran.com.br\/inspecaoveicular\/wp-content\/uploads\/2021\/03\/banner5-768x264.jpg 768w\" sizes=\"auto, (max-width: 800px) 100vw, 800px\" \/><\/a><\/p>\n","protected":false},"excerpt":{"rendered":"<p>O QUE VOC\u00ca PRECISA SABER SOBRE VE\u00cdCULOS RECUPERADOS DE SINISTRO Clique nos t\u00f3picos abaixo e saiba mais sobre vistoria em ve\u00edculos blindados: &nbsp;<\/p>\n","protected":false},"author":1,"featured_media":0,"parent":0,"menu_order":0,"comment_status":"closed","ping_status":"closed","template":"","meta":{"footnotes":"","_links_to":"","_links_to_target":""},"class_list":["post-18","page","type-page","status-publish","hentry"],"_links":{"self":[{"href":"https:\/\/cotran.com.br\/inspecaoveicular\/wp-json\/wp\/v2\/pages\/18","targetHints":{"allow":["GET"]}}],"collection":[{"href":"https:\/\/cotran.com.br\/inspecaoveicular\/wp-json\/wp\/v2\/pages"}],"about":[{"href":"https:\/\/cotran.com.br\/inspecaoveicular\/wp-json\/wp\/v2\/types\/page"}],"author":[{"embeddable":true,"href":"https:\/\/cotran.com.br\/inspecaoveicular\/wp-json\/wp\/v2\/users\/1"}],"replies":[{"embeddable":true,"href":"https:\/\/cotran.com.br\/inspecaoveicular\/wp-json\/wp\/v2\/comments?post=18"}],"version-history":[{"count":5,"href":"https:\/\/cotran.com.br\/inspecaoveicular\/wp-json\/wp\/v2\/pages\/18\/revisions"}],"predecessor-version":[{"id":298,"href":"https:\/\/cotran.com.br\/inspecaoveicular\/wp-json\/wp\/v2\/pages\/18\/revisions\/298"}],"wp:attachment":[{"href":"https:\/\/cotran.com.br\/inspecaoveicular\/wp-json\/wp\/v2\/media?parent=18"}],"curies":[{"name":"wp","href":"https:\/\/api.w.org\/{rel}","templated":true}]}}