{"id":20,"date":"2021-02-23T16:52:57","date_gmt":"2021-02-23T19:52:57","guid":{"rendered":"https:\/\/cotran.com.br\/inspecaoveicular\/?page_id=20"},"modified":"2023-01-24T11:57:17","modified_gmt":"2023-01-24T14:57:17","slug":"caminhoes-onibus-motocicletas","status":"publish","type":"page","link":"https:\/\/cotran.com.br\/inspecaoveicular\/caminhoes-onibus-motocicletas\/","title":{"rendered":"Caminh\u00f5es, \u00d4nibus, Motocicletas"},"content":{"rendered":"<div class=\"su-note\"  style=\"border-color:#dddddd;border-radius:3px;-moz-border-radius:3px;-webkit-border-radius:3px;\"><div class=\"su-note-inner su-u-clearfix su-u-trim\" style=\"background-color:#f7f7f7;border-color:#ffffff;color:#333333;border-radius:3px;-moz-border-radius:3px;-webkit-border-radius:3px;\">\n<p><strong>Somos especializados em inspe\u00e7\u00e3o de caminh\u00f5es, \u00f4nibus e motocicletas<\/strong><\/p>\n<p>Conte conosco na hora de inspecionar seu caminh\u00e3o, \u00f4nibus ou motocicleta.<br \/>\nTemos f\u00e1cil acesso, ampla sede com espa\u00e7o ideal para acolher e inspecionar tamb\u00e9m ve\u00edculos de grande porte.<\/p>\n<p><strong>Inspecione seu caminh\u00e3o, \u00f4nibus e motocicletas com a Cotran: servi\u00e7o acreditado pela Coordena\u00e7\u00e3o Geral de Acredita\u00e7\u00e3o do INMETRO e Denatran e os melhore pre\u00e7os do RJ!<\/strong><\/p>\n<\/div><\/div>\n<div class=\"su-image-carousel  su-image-carousel-columns-3 su-image-carousel-has-spacing su-image-carousel-crop su-image-carousel-crop-4-3 su-image-carousel-has-lightbox su-image-carousel-has-outline su-image-carousel-adaptive su-image-carousel-slides-style-default su-image-carousel-controls-style-dark su-image-carousel-align-none\" style=\"\" data-flickity-options='{\"groupCells\":true,\"cellSelector\":\".su-image-carousel-item\",\"adaptiveHeight\":false,\"cellAlign\":\"left\",\"prevNextButtons\":true,\"pageDots\":true,\"autoPlay\":5000,\"imagesLoaded\":true,\"contain\":true,\"selectedAttraction\":0.025000000000000001387778780781445675529539585113525390625,\"friction\":0.2800000000000000266453525910037569701671600341796875}' id=\"su_image_carousel_69e3634046f7f\"><div class=\"su-image-carousel-item\"><div class=\"su-image-carousel-item-content\"><a href=\"https:\/\/cotran.com.br\/inspecaoveicular\/wp-content\/uploads\/2021\/03\/007.jpg\" target=\"_blank\" rel=\"noopener noreferrer\" data-caption=\"COTRAN - Controle de Transportes\" data-rel=\"lightbox-image-0\" data-rl_title=\"\" data-rl_caption=\"\" title=\"\"><img loading=\"lazy\" decoding=\"async\" width=\"960\" height=\"720\" src=\"https:\/\/cotran.com.br\/inspecaoveicular\/wp-content\/uploads\/2021\/03\/007.jpg\" class=\"\" alt=\"COTRAN-Controle de Transportes\" srcset=\"https:\/\/cotran.com.br\/inspecaoveicular\/wp-content\/uploads\/2021\/03\/007.jpg 960w, https:\/\/cotran.com.br\/inspecaoveicular\/wp-content\/uploads\/2021\/03\/007-300x225.jpg 300w, https:\/\/cotran.com.br\/inspecaoveicular\/wp-content\/uploads\/2021\/03\/007-768x576.jpg 768w\" sizes=\"auto, (max-width: 960px) 100vw, 960px\" \/><\/a><\/div><\/div><div class=\"su-image-carousel-item\"><div class=\"su-image-carousel-item-content\"><a href=\"https:\/\/cotran.com.br\/inspecaoveicular\/wp-content\/uploads\/2021\/03\/006.jpg\" target=\"_blank\" rel=\"noopener noreferrer\" data-caption=\"COTRAN - Controle de Transportes\" data-rel=\"lightbox-image-1\" data-rl_title=\"\" data-rl_caption=\"\" title=\"\"><img loading=\"lazy\" decoding=\"async\" width=\"960\" height=\"720\" src=\"https:\/\/cotran.com.br\/inspecaoveicular\/wp-content\/uploads\/2021\/03\/006.jpg\" class=\"\" alt=\"COTRAN - Controle de Transportes\" srcset=\"https:\/\/cotran.com.br\/inspecaoveicular\/wp-content\/uploads\/2021\/03\/006.jpg 960w, https:\/\/cotran.com.br\/inspecaoveicular\/wp-content\/uploads\/2021\/03\/006-300x225.jpg 300w, https:\/\/cotran.com.br\/inspecaoveicular\/wp-content\/uploads\/2021\/03\/006-768x576.jpg 768w\" sizes=\"auto, (max-width: 960px) 100vw, 960px\" \/><\/a><\/div><\/div><div class=\"su-image-carousel-item\"><div class=\"su-image-carousel-item-content\"><a href=\"https:\/\/cotran.com.br\/inspecaoveicular\/wp-content\/uploads\/2021\/03\/005.jpg\" target=\"_blank\" rel=\"noopener noreferrer\" data-caption=\"COTRAN - Controle de Transportes\" data-rel=\"lightbox-image-2\" data-rl_title=\"\" data-rl_caption=\"\" title=\"\"><img loading=\"lazy\" decoding=\"async\" width=\"960\" height=\"720\" src=\"https:\/\/cotran.com.br\/inspecaoveicular\/wp-content\/uploads\/2021\/03\/005.jpg\" class=\"\" alt=\"COTRAN-Controle de Transportes\" srcset=\"https:\/\/cotran.com.br\/inspecaoveicular\/wp-content\/uploads\/2021\/03\/005.jpg 960w, https:\/\/cotran.com.br\/inspecaoveicular\/wp-content\/uploads\/2021\/03\/005-300x225.jpg 300w, https:\/\/cotran.com.br\/inspecaoveicular\/wp-content\/uploads\/2021\/03\/005-768x576.jpg 768w\" sizes=\"auto, (max-width: 960px) 100vw, 960px\" \/><\/a><\/div><\/div><div class=\"su-image-carousel-item\"><div class=\"su-image-carousel-item-content\"><a href=\"https:\/\/cotran.com.br\/inspecaoveicular\/wp-content\/uploads\/2021\/03\/004.jpg\" target=\"_blank\" rel=\"noopener noreferrer\" data-caption=\"COTRAN - Controle de Transportes\" data-rel=\"lightbox-image-3\" data-rl_title=\"\" data-rl_caption=\"\" title=\"\"><img loading=\"lazy\" decoding=\"async\" width=\"960\" height=\"720\" src=\"https:\/\/cotran.com.br\/inspecaoveicular\/wp-content\/uploads\/2021\/03\/004.jpg\" class=\"\" alt=\"COTRAN-Controle de Transportes\" srcset=\"https:\/\/cotran.com.br\/inspecaoveicular\/wp-content\/uploads\/2021\/03\/004.jpg 960w, https:\/\/cotran.com.br\/inspecaoveicular\/wp-content\/uploads\/2021\/03\/004-300x225.jpg 300w, https:\/\/cotran.com.br\/inspecaoveicular\/wp-content\/uploads\/2021\/03\/004-768x576.jpg 768w\" sizes=\"auto, (max-width: 960px) 100vw, 960px\" \/><\/a><\/div><\/div><div class=\"su-image-carousel-item\"><div class=\"su-image-carousel-item-content\"><a href=\"https:\/\/cotran.com.br\/inspecaoveicular\/wp-content\/uploads\/2021\/03\/003.jpg\" target=\"_blank\" rel=\"noopener noreferrer\" data-caption=\"COTRAN - Controle de Transportes\" data-rel=\"lightbox-image-4\" data-rl_title=\"\" data-rl_caption=\"\" title=\"\"><img loading=\"lazy\" decoding=\"async\" width=\"960\" height=\"720\" src=\"https:\/\/cotran.com.br\/inspecaoveicular\/wp-content\/uploads\/2021\/03\/003.jpg\" class=\"\" alt=\"COTRAN-Controle de Transportes\" srcset=\"https:\/\/cotran.com.br\/inspecaoveicular\/wp-content\/uploads\/2021\/03\/003.jpg 960w, https:\/\/cotran.com.br\/inspecaoveicular\/wp-content\/uploads\/2021\/03\/003-300x225.jpg 300w, https:\/\/cotran.com.br\/inspecaoveicular\/wp-content\/uploads\/2021\/03\/003-768x576.jpg 768w\" sizes=\"auto, (max-width: 960px) 100vw, 960px\" \/><\/a><\/div><\/div><div class=\"su-image-carousel-item\"><div class=\"su-image-carousel-item-content\"><a href=\"https:\/\/cotran.com.br\/inspecaoveicular\/wp-content\/uploads\/2021\/03\/002.jpg\" target=\"_blank\" rel=\"noopener noreferrer\" data-caption=\"COTRAN - Controle de Transportes\" data-rel=\"lightbox-image-5\" data-rl_title=\"\" data-rl_caption=\"\" title=\"\"><img loading=\"lazy\" decoding=\"async\" width=\"960\" height=\"720\" src=\"https:\/\/cotran.com.br\/inspecaoveicular\/wp-content\/uploads\/2021\/03\/002.jpg\" class=\"\" alt=\"COTRAN-Vistoria Veicular\" srcset=\"https:\/\/cotran.com.br\/inspecaoveicular\/wp-content\/uploads\/2021\/03\/002.jpg 960w, https:\/\/cotran.com.br\/inspecaoveicular\/wp-content\/uploads\/2021\/03\/002-300x225.jpg 300w, https:\/\/cotran.com.br\/inspecaoveicular\/wp-content\/uploads\/2021\/03\/002-768x576.jpg 768w\" sizes=\"auto, (max-width: 960px) 100vw, 960px\" \/><\/a><\/div><\/div><div class=\"su-image-carousel-item\"><div class=\"su-image-carousel-item-content\"><a href=\"https:\/\/cotran.com.br\/inspecaoveicular\/wp-content\/uploads\/2021\/03\/001-1.jpg\" target=\"_blank\" rel=\"noopener noreferrer\" data-caption=\"COTRAN - Controle de Transportes\" data-rel=\"lightbox-image-6\" data-rl_title=\"\" data-rl_caption=\"\" title=\"\"><img loading=\"lazy\" decoding=\"async\" width=\"709\" height=\"800\" src=\"https:\/\/cotran.com.br\/inspecaoveicular\/wp-content\/uploads\/2021\/03\/001-1.jpg\" class=\"\" alt=\"COTRAN-Vistoria Veicular\" srcset=\"https:\/\/cotran.com.br\/inspecaoveicular\/wp-content\/uploads\/2021\/03\/001-1.jpg 709w, https:\/\/cotran.com.br\/inspecaoveicular\/wp-content\/uploads\/2021\/03\/001-1-266x300.jpg 266w\" sizes=\"auto, (max-width: 709px) 100vw, 709px\" \/><\/a><\/div><\/div><div class=\"su-image-carousel-item\"><div class=\"su-image-carousel-item-content\"><a href=\"https:\/\/cotran.com.br\/inspecaoveicular\/wp-content\/uploads\/2021\/03\/001.jpg\" target=\"_blank\" rel=\"noopener noreferrer\" data-caption=\"COTRAN - Controle de Transportes\" data-rel=\"lightbox-image-7\" data-rl_title=\"\" data-rl_caption=\"\" title=\"\"><img loading=\"lazy\" decoding=\"async\" width=\"960\" height=\"720\" src=\"https:\/\/cotran.com.br\/inspecaoveicular\/wp-content\/uploads\/2021\/03\/001.jpg\" class=\"\" alt=\"COTRAN Vistoria Veicular\" srcset=\"https:\/\/cotran.com.br\/inspecaoveicular\/wp-content\/uploads\/2021\/03\/001.jpg 960w, https:\/\/cotran.com.br\/inspecaoveicular\/wp-content\/uploads\/2021\/03\/001-300x225.jpg 300w, https:\/\/cotran.com.br\/inspecaoveicular\/wp-content\/uploads\/2021\/03\/001-768x576.jpg 768w\" sizes=\"auto, (max-width: 960px) 100vw, 960px\" \/><\/a><\/div><\/div><\/div><script id=\"su_image_carousel_69e3634046f7f_script\">if(window.SUImageCarousel){setTimeout(function() {window.SUImageCarousel.initGallery(document.getElementById(\"su_image_carousel_69e3634046f7f\"))}, 0);}var su_image_carousel_69e3634046f7f_script=document.getElementById(\"su_image_carousel_69e3634046f7f_script\");if(su_image_carousel_69e3634046f7f_script){su_image_carousel_69e3634046f7f_script.parentNode.removeChild(su_image_carousel_69e3634046f7f_script);}<\/script>\n<a href=\"https:\/\/cotran.com.br\/inspecaoveicular\/tabela-precos\/\" class=\"su-button su-button-style-default\" style=\"color:#FFFFFF;background-color:#15459A;border-color:#11387c;border-radius:6px\" target=\"_self\"><span style=\"color:#FFFFFF;padding:6px 18px;font-size:14px;line-height:21px;border-color:#5c7db9;border-radius:6px;text-shadow:none\"><i class=\"sui sui-headphones\" style=\"font-size:14px;color:#FFFFFF\"><\/i> PRE\u00c7OS<\/span><\/a> <a href=\"https:\/\/www.instagram.com\/cotran_vistoria\/\" class=\"su-button su-button-style-default\" style=\"color:#FFFFFF;background-color:#FFBA00;border-color:#cc9500;border-radius:6px\" target=\"_self\"><span style=\"color:#FFFFFF;padding:6px 18px;font-size:14px;line-height:21px;border-color:#ffcf4d;border-radius:6px;text-shadow:none\"><i class=\"sui sui-search-plus\" style=\"font-size:14px;color:#FFFFFF\"><\/i> INSTAGRAM<\/span><\/a> <a href=\"https:\/\/web.whatsapp.com\/send?phone=5521986698115\" class=\"su-button su-button-style-default\" style=\"color:#FFFFFF;background-color:#2D89EF;border-color:#246ec0;border-radius:5px\" target=\"_self\"><span style=\"color:#FFFFFF;padding:6px 16px;font-size:13px;line-height:20px;border-color:#6cadf4;border-radius:5px;text-shadow:none\"><i class=\"sui sui-search-plus\" style=\"font-size:13px;color:#FFFFFF\"><\/i> WHATSAPP<\/span><\/a>\n<p>&nbsp;<\/p>\n<p><a href=\"https:\/\/cotran.com.br\/inspecaoveicular\/contato\/\"><img loading=\"lazy\" decoding=\"async\" class=\"alignnone wp-image-208 size-full\" src=\"https:\/\/cotran.com.br\/inspecaoveicular\/wp-content\/uploads\/2021\/03\/banner-moto2.jpg\" alt=\"\" width=\"800\" height=\"275\" srcset=\"https:\/\/cotran.com.br\/inspecaoveicular\/wp-content\/uploads\/2021\/03\/banner-moto2.jpg 800w, https:\/\/cotran.com.br\/inspecaoveicular\/wp-content\/uploads\/2021\/03\/banner-moto2-300x103.jpg 300w, https:\/\/cotran.com.br\/inspecaoveicular\/wp-content\/uploads\/2021\/03\/banner-moto2-768x264.jpg 768w\" sizes=\"auto, (max-width: 800px) 100vw, 800px\" \/><\/a><\/p>\n","protected":false},"excerpt":{"rendered":"<p>&nbsp;<\/p>\n","protected":false},"author":1,"featured_media":0,"parent":0,"menu_order":0,"comment_status":"closed","ping_status":"closed","template":"","meta":{"footnotes":"","_links_to":"","_links_to_target":""},"class_list":["post-20","page","type-page","status-publish","hentry"],"_links":{"self":[{"href":"https:\/\/cotran.com.br\/inspecaoveicular\/wp-json\/wp\/v2\/pages\/20","targetHints":{"allow":["GET"]}}],"collection":[{"href":"https:\/\/cotran.com.br\/inspecaoveicular\/wp-json\/wp\/v2\/pages"}],"about":[{"href":"https:\/\/cotran.com.br\/inspecaoveicular\/wp-json\/wp\/v2\/types\/page"}],"author":[{"embeddable":true,"href":"https:\/\/cotran.com.br\/inspecaoveicular\/wp-json\/wp\/v2\/users\/1"}],"replies":[{"embeddable":true,"href":"https:\/\/cotran.com.br\/inspecaoveicular\/wp-json\/wp\/v2\/comments?post=20"}],"version-history":[{"count":5,"href":"https:\/\/cotran.com.br\/inspecaoveicular\/wp-json\/wp\/v2\/pages\/20\/revisions"}],"predecessor-version":[{"id":299,"href":"https:\/\/cotran.com.br\/inspecaoveicular\/wp-json\/wp\/v2\/pages\/20\/revisions\/299"}],"wp:attachment":[{"href":"https:\/\/cotran.com.br\/inspecaoveicular\/wp-json\/wp\/v2\/media?parent=20"}],"curies":[{"name":"wp","href":"https:\/\/api.w.org\/{rel}","templated":true}]}}