{"id":24,"date":"2021-02-23T16:53:42","date_gmt":"2021-02-23T19:53:42","guid":{"rendered":"https:\/\/cotran.com.br\/inspecaoveicular\/?page_id=24"},"modified":"2021-03-09T16:02:11","modified_gmt":"2021-03-09T19:02:11","slug":"servicos","status":"publish","type":"page","link":"https:\/\/cotran.com.br\/inspecaoveicular\/servicos\/","title":{"rendered":"Servi\u00e7os"},"content":{"rendered":"<p><strong>Dentre o escopo de servi\u00e7os disponibilizados pela nossa empresa destacam-se:<\/strong><\/p>\n<div class=\"su-table su-table-alternate\">\n<table>\n<tbody>\n<tr>\n<td>Autom\u00f3vel com sistema de GNV instalado<\/td>\n<\/tr>\n<tr>\n<td>Autom\u00f3vel modificado ou fabricado artesanalmente<\/td>\n<\/tr>\n<tr>\n<td>Autom\u00f3vel recuperado de sinistro<\/td>\n<\/tr>\n<tr>\n<td>Caminh\u00e3o com sistema de GNV instalado<\/td>\n<\/tr>\n<tr>\n<td>Caminh\u00e3o modificado<\/td>\n<\/tr>\n<tr>\n<td>Caminh\u00e3o recuperado de sinistro<\/td>\n<\/tr>\n<tr>\n<td>Caminhonete com sistema de GNV instalado<\/td>\n<\/tr>\n<tr>\n<td>Caminhonete modificada ou fabricada artesanalmente<\/td>\n<\/tr>\n<tr>\n<td>Caminhonete recuperada de sinistro<\/td>\n<\/tr>\n<tr>\n<td>Camioneta com sistema de GNV instalado<\/td>\n<\/tr>\n<tr>\n<td>Camioneta modificada ou fabricada artesanalmente<\/td>\n<\/tr>\n<tr>\n<td>Camioneta recuperado de sinistro<\/td>\n<\/tr>\n<tr>\n<td>Ciclomotor \u2013 Modificado ou fabricado artesanalmente<\/td>\n<\/tr>\n<tr>\n<td>Ciclomotor \u2013 Recuperado de sinistro<\/td>\n<\/tr>\n<tr>\n<td>Micro-\u00f4nibus com sistema de GNV instalado<\/td>\n<\/tr>\n<tr>\n<td>Micro-\u00f4nibus modificado<\/td>\n<\/tr>\n<tr>\n<td>Micro-\u00f4nibus recuperado de sinistro<\/td>\n<\/tr>\n<tr>\n<td>Motocicleta \u2013 Modificada ou Fabrica\u00e7\u00e3o artesanal<\/td>\n<\/tr>\n<tr>\n<td>Motocicleta \u2013 Recuperada de sinistro<\/td>\n<\/tr>\n<tr>\n<td>Motoneta \u2013 Modificada ou Fabrica\u00e7\u00e3o artesanal<\/td>\n<\/tr>\n<tr>\n<td>Motoneta \u2013 Recuperada de sinistro<\/td>\n<\/tr>\n<tr>\n<td>\u00d4nibus com sistema de GNV instalado<\/td>\n<\/tr>\n<tr>\n<td>\u00d4nibus modificado<\/td>\n<\/tr>\n<tr>\n<td>\u00d4nibus recuperado de sinistro<\/td>\n<\/tr>\n<tr>\n<td>Ciclomotor \u2013 Modificado ou Fabrica\u00e7\u00e3o artesanal<\/td>\n<\/tr>\n<tr>\n<td>Ciclomotor \u2013 Recuperado de sinistro<\/td>\n<\/tr>\n<tr>\n<td>Triciclo \u2013 Modificado ou Fabrica\u00e7\u00e3o artesanal<\/td>\n<\/tr>\n<tr>\n<td>Triciclo \u2013 Recuperado de sinistro<\/td>\n<\/tr>\n<tr>\n<td>Utilit\u00e1rio com sistema de GNV instalado<\/td>\n<\/tr>\n<tr>\n<td>Utilit\u00e1rio com sistema de GNV instalado<\/td>\n<\/tr>\n<tr>\n<td>Utilit\u00e1rio modificado ou fabricado artesanalmente<\/td>\n<\/tr>\n<tr>\n<td>Utilit\u00e1rio recuperado de sinistro<\/td>\n<\/tr>\n<\/tbody>\n<\/table>\n<\/div>\n<p><strong>D\u00favidas sobre nossos servi\u00e7os de inspe\u00e7\u00e3o? <a href=\"https:\/\/cotran.com.br\/inspecaoveicular\/contato\/\">Clique aqui<\/a> e fale conosco<\/strong><\/p>\n","protected":false},"excerpt":{"rendered":"<p>Dentre o escopo de servi\u00e7os disponibilizados pela nossa empresa destacam-se: D\u00favidas sobre nossos servi\u00e7os de inspe\u00e7\u00e3o? Clique aqui e fale conosco<\/p>\n","protected":false},"author":1,"featured_media":0,"parent":0,"menu_order":0,"comment_status":"closed","ping_status":"closed","template":"","meta":{"footnotes":"","_links_to":"","_links_to_target":""},"class_list":["post-24","page","type-page","status-publish","hentry"],"_links":{"self":[{"href":"https:\/\/cotran.com.br\/inspecaoveicular\/wp-json\/wp\/v2\/pages\/24","targetHints":{"allow":["GET"]}}],"collection":[{"href":"https:\/\/cotran.com.br\/inspecaoveicular\/wp-json\/wp\/v2\/pages"}],"about":[{"href":"https:\/\/cotran.com.br\/inspecaoveicular\/wp-json\/wp\/v2\/types\/page"}],"author":[{"embeddable":true,"href":"https:\/\/cotran.com.br\/inspecaoveicular\/wp-json\/wp\/v2\/users\/1"}],"replies":[{"embeddable":true,"href":"https:\/\/cotran.com.br\/inspecaoveicular\/wp-json\/wp\/v2\/comments?post=24"}],"version-history":[{"count":8,"href":"https:\/\/cotran.com.br\/inspecaoveicular\/wp-json\/wp\/v2\/pages\/24\/revisions"}],"predecessor-version":[{"id":220,"href":"https:\/\/cotran.com.br\/inspecaoveicular\/wp-json\/wp\/v2\/pages\/24\/revisions\/220"}],"wp:attachment":[{"href":"https:\/\/cotran.com.br\/inspecaoveicular\/wp-json\/wp\/v2\/media?parent=24"}],"curies":[{"name":"wp","href":"https:\/\/api.w.org\/{rel}","templated":true}]}}