{"id":30,"date":"2021-02-23T16:54:45","date_gmt":"2021-02-23T19:54:45","guid":{"rendered":"https:\/\/cotran.com.br\/inspecaoveicular\/?page_id=30"},"modified":"2023-01-24T11:58:24","modified_gmt":"2023-01-24T14:58:24","slug":"empresa","status":"publish","type":"page","link":"https:\/\/cotran.com.br\/inspecaoveicular\/empresa\/","title":{"rendered":"Empresa"},"content":{"rendered":"<h2><strong>Alto padr\u00e3o de qualidade em inspe\u00e7\u00e3o veicular!<\/strong><\/h2>\n<p>Fundada em 2002, a <strong>COTRAN<\/strong> atende toda a regi\u00e3o do munic\u00edpio de Duque de Caxias, Baixada Fluminense e cidades pr\u00f3ximas, com efici\u00eancia e qualidade em seguran\u00e7a veicular.<br \/>\nA <strong>COTRAN<\/strong> \u00e9 uma empresa acreditada pelo Inmetro e credenciada pelo DENATRAN como Institui\u00e7\u00e3o T\u00e9cnica Licenciada para a emiss\u00e3o de <strong>Certificados de Seguran\u00e7a Veicular<\/strong> (CSV).<\/p>\n<p>Contamos com equipamentos de inspe\u00e7\u00e3o de \u00faltima gera\u00e7\u00e3o periodicamente calibrados e certificados por \u00f3rg\u00e3os competentes aliados \u00e0 excelente estrutura para in\u00fameros tipos de ve\u00edculos. Atendemos os mais variados servi\u00e7os desde motocicletas a ve\u00edculos pesados como caminh\u00f5es e \u00f4nibus.<\/p>\n<p>Conhecidos pelo excepcional trabalho devido ao grupo de capital humano devidamente qualificado, t\u00e9cnicos e engenheiros capacitados a desenvolver um bel\u00edssimo relacionamento com o cliente a fim de melhor atend\u00ea-los. Sempre imparciais mantendo os crit\u00e9rios de \u00e9tica, respeito, profissionalismo e seriedade visando \u00e0 qualidade e seguran\u00e7a.<\/p>\n<div class=\"su-note\"  style=\"border-color:#dddddd;border-radius:3px;-moz-border-radius:3px;-webkit-border-radius:3px;\"><div class=\"su-note-inner su-u-clearfix su-u-trim\" style=\"background-color:#f7f7f7;border-color:#ffffff;color:#333333;border-radius:3px;-moz-border-radius:3px;-webkit-border-radius:3px;\">\n<div class=\"section section-info\"><div class=\"sec_content_sub_title\" style=\"text-align:;\"><strong>NOSSA MISS\u00c3O<\/strong><\/div><\/div>\n<div class=\"section section-info\"><\/div>\n<p>A <strong>COTRAN<\/strong> tem como miss\u00e3o prestar com excel\u00eancia a atividade do segmento na qual foi autorizada a realizar. Com qualidade e destreza, garantindo os mais altos padr\u00f5es em inspe\u00e7\u00e3o de seguran\u00e7a veicular para seus clientes. Sempre se atualizando, buscando altera\u00e7\u00f5es das normas em vigor para manter-se amparada e informar com propriedade aos nossos clientes. Analisando cada caso em especial, temos cuidado em auxiliar e sanar poss\u00edveis d\u00favidas, zelando pela transpar\u00eancia e \u00e9tica com nossos clientes e fiscalizadores do grupo COTRAN.<\/div><\/div>\n<div class=\"su-note\"  style=\"border-color:#dddddd;border-radius:3px;-moz-border-radius:3px;-webkit-border-radius:3px;\"><div class=\"su-note-inner su-u-clearfix su-u-trim\" style=\"background-color:#f7f7f7;border-color:#ffffff;color:#333333;border-radius:3px;-moz-border-radius:3px;-webkit-border-radius:3px;\">\n<div class=\"sec_content_sub_title\" style=\"text-align:;\"><strong>NOSSA VIS\u00c3O<\/strong><\/div>\n<p>Almejamos que nosso reconhecimento v\u00e1 al\u00e9m da boa execu\u00e7\u00e3o de nossa fun\u00e7\u00e3o primordial (inspe\u00e7\u00e3o veicular), ambicionamos que nossos clientes sejam tratados com a devida aten\u00e7\u00e3o e que sintam-se acolhidos.<\/div><\/div>\n<div class=\"su-note\"  style=\"border-color:#dddddd;border-radius:3px;-moz-border-radius:3px;-webkit-border-radius:3px;\"><div class=\"su-note-inner su-u-clearfix su-u-trim\" style=\"background-color:#f7f7f7;border-color:#ffffff;color:#333333;border-radius:3px;-moz-border-radius:3px;-webkit-border-radius:3px;\">\n<div class=\"sec_content_sub_title\" style=\"text-align:;\"><strong>NOSSOS VALORES<\/strong><\/div>\n<p>Responsabilidade com as pessoas que est\u00e3o sendo transportadas atrav\u00e9s dos ve\u00edculos por n\u00f3s inspecionados. Colocando em voga a \u00e9tica profissional e transpar\u00eancia para que o cliente jamais se sinta lesionado. Nossa maior atribui\u00e7\u00e3o \u00e9 contribuir para seguran\u00e7a dos nossos clientes, afei\u00e7oando rapidez e qualidade aos servi\u00e7os prestados.<\/div><\/div>\n<h2>Na hora de fazer sua inspe\u00e7\u00e3o, escolha a <strong>Cotran<\/strong> e desfrute de alto padr\u00e3o de servi\u00e7os com os melhores pre\u00e7os do RJ!<\/h2>\n<div class=\"su-image-carousel  su-image-carousel-columns-3 su-image-carousel-has-spacing su-image-carousel-crop su-image-carousel-crop-4-3 su-image-carousel-has-lightbox su-image-carousel-has-outline su-image-carousel-adaptive su-image-carousel-slides-style-default su-image-carousel-controls-style-dark su-image-carousel-align-none\" style=\"\" data-flickity-options='{\"groupCells\":true,\"cellSelector\":\".su-image-carousel-item\",\"adaptiveHeight\":false,\"cellAlign\":\"left\",\"prevNextButtons\":true,\"pageDots\":true,\"autoPlay\":5000,\"imagesLoaded\":true,\"contain\":true,\"selectedAttraction\":0.025000000000000001387778780781445675529539585113525390625,\"friction\":0.2800000000000000266453525910037569701671600341796875}' id=\"su_image_carousel_69e363f7d75b2\"><div class=\"su-image-carousel-item\"><div class=\"su-image-carousel-item-content\"><a href=\"https:\/\/cotran.com.br\/inspecaoveicular\/wp-content\/uploads\/2021\/03\/007.jpg\" target=\"_blank\" rel=\"noopener noreferrer\" data-caption=\"COTRAN - Controle de Transportes\" data-rel=\"lightbox-image-0\" data-rl_title=\"\" data-rl_caption=\"\" title=\"\"><img loading=\"lazy\" decoding=\"async\" width=\"960\" height=\"720\" src=\"https:\/\/cotran.com.br\/inspecaoveicular\/wp-content\/uploads\/2021\/03\/007.jpg\" class=\"\" alt=\"COTRAN-Controle de Transportes\" srcset=\"https:\/\/cotran.com.br\/inspecaoveicular\/wp-content\/uploads\/2021\/03\/007.jpg 960w, https:\/\/cotran.com.br\/inspecaoveicular\/wp-content\/uploads\/2021\/03\/007-300x225.jpg 300w, https:\/\/cotran.com.br\/inspecaoveicular\/wp-content\/uploads\/2021\/03\/007-768x576.jpg 768w\" sizes=\"auto, (max-width: 960px) 100vw, 960px\" \/><\/a><\/div><\/div><div class=\"su-image-carousel-item\"><div class=\"su-image-carousel-item-content\"><a href=\"https:\/\/cotran.com.br\/inspecaoveicular\/wp-content\/uploads\/2021\/03\/006.jpg\" target=\"_blank\" rel=\"noopener noreferrer\" data-caption=\"COTRAN - Controle de Transportes\" data-rel=\"lightbox-image-1\" data-rl_title=\"\" data-rl_caption=\"\" title=\"\"><img loading=\"lazy\" decoding=\"async\" width=\"960\" height=\"720\" src=\"https:\/\/cotran.com.br\/inspecaoveicular\/wp-content\/uploads\/2021\/03\/006.jpg\" class=\"\" alt=\"COTRAN - Controle de Transportes\" srcset=\"https:\/\/cotran.com.br\/inspecaoveicular\/wp-content\/uploads\/2021\/03\/006.jpg 960w, https:\/\/cotran.com.br\/inspecaoveicular\/wp-content\/uploads\/2021\/03\/006-300x225.jpg 300w, https:\/\/cotran.com.br\/inspecaoveicular\/wp-content\/uploads\/2021\/03\/006-768x576.jpg 768w\" sizes=\"auto, (max-width: 960px) 100vw, 960px\" \/><\/a><\/div><\/div><div class=\"su-image-carousel-item\"><div class=\"su-image-carousel-item-content\"><a href=\"https:\/\/cotran.com.br\/inspecaoveicular\/wp-content\/uploads\/2021\/03\/005.jpg\" target=\"_blank\" rel=\"noopener noreferrer\" data-caption=\"COTRAN - Controle de Transportes\" data-rel=\"lightbox-image-2\" data-rl_title=\"\" data-rl_caption=\"\" title=\"\"><img loading=\"lazy\" decoding=\"async\" width=\"960\" height=\"720\" src=\"https:\/\/cotran.com.br\/inspecaoveicular\/wp-content\/uploads\/2021\/03\/005.jpg\" class=\"\" alt=\"COTRAN-Controle de Transportes\" srcset=\"https:\/\/cotran.com.br\/inspecaoveicular\/wp-content\/uploads\/2021\/03\/005.jpg 960w, https:\/\/cotran.com.br\/inspecaoveicular\/wp-content\/uploads\/2021\/03\/005-300x225.jpg 300w, https:\/\/cotran.com.br\/inspecaoveicular\/wp-content\/uploads\/2021\/03\/005-768x576.jpg 768w\" sizes=\"auto, (max-width: 960px) 100vw, 960px\" \/><\/a><\/div><\/div><div class=\"su-image-carousel-item\"><div class=\"su-image-carousel-item-content\"><a href=\"https:\/\/cotran.com.br\/inspecaoveicular\/wp-content\/uploads\/2021\/03\/004.jpg\" target=\"_blank\" rel=\"noopener noreferrer\" data-caption=\"COTRAN - Controle de Transportes\" data-rel=\"lightbox-image-3\" data-rl_title=\"\" data-rl_caption=\"\" title=\"\"><img loading=\"lazy\" decoding=\"async\" width=\"960\" height=\"720\" src=\"https:\/\/cotran.com.br\/inspecaoveicular\/wp-content\/uploads\/2021\/03\/004.jpg\" class=\"\" alt=\"COTRAN-Controle de Transportes\" srcset=\"https:\/\/cotran.com.br\/inspecaoveicular\/wp-content\/uploads\/2021\/03\/004.jpg 960w, https:\/\/cotran.com.br\/inspecaoveicular\/wp-content\/uploads\/2021\/03\/004-300x225.jpg 300w, https:\/\/cotran.com.br\/inspecaoveicular\/wp-content\/uploads\/2021\/03\/004-768x576.jpg 768w\" sizes=\"auto, (max-width: 960px) 100vw, 960px\" \/><\/a><\/div><\/div><div class=\"su-image-carousel-item\"><div class=\"su-image-carousel-item-content\"><a href=\"https:\/\/cotran.com.br\/inspecaoveicular\/wp-content\/uploads\/2021\/03\/003.jpg\" target=\"_blank\" rel=\"noopener noreferrer\" data-caption=\"COTRAN - Controle de Transportes\" data-rel=\"lightbox-image-4\" data-rl_title=\"\" data-rl_caption=\"\" title=\"\"><img loading=\"lazy\" decoding=\"async\" width=\"960\" height=\"720\" src=\"https:\/\/cotran.com.br\/inspecaoveicular\/wp-content\/uploads\/2021\/03\/003.jpg\" class=\"\" alt=\"COTRAN-Controle de Transportes\" srcset=\"https:\/\/cotran.com.br\/inspecaoveicular\/wp-content\/uploads\/2021\/03\/003.jpg 960w, https:\/\/cotran.com.br\/inspecaoveicular\/wp-content\/uploads\/2021\/03\/003-300x225.jpg 300w, https:\/\/cotran.com.br\/inspecaoveicular\/wp-content\/uploads\/2021\/03\/003-768x576.jpg 768w\" sizes=\"auto, (max-width: 960px) 100vw, 960px\" \/><\/a><\/div><\/div><div class=\"su-image-carousel-item\"><div class=\"su-image-carousel-item-content\"><a href=\"https:\/\/cotran.com.br\/inspecaoveicular\/wp-content\/uploads\/2021\/03\/002.jpg\" target=\"_blank\" rel=\"noopener noreferrer\" data-caption=\"COTRAN - Controle de Transportes\" data-rel=\"lightbox-image-5\" data-rl_title=\"\" data-rl_caption=\"\" title=\"\"><img loading=\"lazy\" decoding=\"async\" width=\"960\" height=\"720\" src=\"https:\/\/cotran.com.br\/inspecaoveicular\/wp-content\/uploads\/2021\/03\/002.jpg\" class=\"\" alt=\"COTRAN-Vistoria Veicular\" srcset=\"https:\/\/cotran.com.br\/inspecaoveicular\/wp-content\/uploads\/2021\/03\/002.jpg 960w, https:\/\/cotran.com.br\/inspecaoveicular\/wp-content\/uploads\/2021\/03\/002-300x225.jpg 300w, https:\/\/cotran.com.br\/inspecaoveicular\/wp-content\/uploads\/2021\/03\/002-768x576.jpg 768w\" sizes=\"auto, (max-width: 960px) 100vw, 960px\" \/><\/a><\/div><\/div><div class=\"su-image-carousel-item\"><div class=\"su-image-carousel-item-content\"><a href=\"https:\/\/cotran.com.br\/inspecaoveicular\/wp-content\/uploads\/2021\/03\/001-1.jpg\" target=\"_blank\" rel=\"noopener noreferrer\" data-caption=\"COTRAN - Controle de Transportes\" data-rel=\"lightbox-image-6\" data-rl_title=\"\" data-rl_caption=\"\" title=\"\"><img loading=\"lazy\" decoding=\"async\" width=\"709\" height=\"800\" src=\"https:\/\/cotran.com.br\/inspecaoveicular\/wp-content\/uploads\/2021\/03\/001-1.jpg\" class=\"\" alt=\"COTRAN-Vistoria Veicular\" srcset=\"https:\/\/cotran.com.br\/inspecaoveicular\/wp-content\/uploads\/2021\/03\/001-1.jpg 709w, https:\/\/cotran.com.br\/inspecaoveicular\/wp-content\/uploads\/2021\/03\/001-1-266x300.jpg 266w\" sizes=\"auto, (max-width: 709px) 100vw, 709px\" \/><\/a><\/div><\/div><div class=\"su-image-carousel-item\"><div class=\"su-image-carousel-item-content\"><a href=\"https:\/\/cotran.com.br\/inspecaoveicular\/wp-content\/uploads\/2021\/03\/001.jpg\" target=\"_blank\" rel=\"noopener noreferrer\" data-caption=\"COTRAN - Controle de Transportes\" data-rel=\"lightbox-image-7\" data-rl_title=\"\" data-rl_caption=\"\" title=\"\"><img loading=\"lazy\" decoding=\"async\" width=\"960\" height=\"720\" src=\"https:\/\/cotran.com.br\/inspecaoveicular\/wp-content\/uploads\/2021\/03\/001.jpg\" class=\"\" alt=\"COTRAN Vistoria Veicular\" srcset=\"https:\/\/cotran.com.br\/inspecaoveicular\/wp-content\/uploads\/2021\/03\/001.jpg 960w, https:\/\/cotran.com.br\/inspecaoveicular\/wp-content\/uploads\/2021\/03\/001-300x225.jpg 300w, https:\/\/cotran.com.br\/inspecaoveicular\/wp-content\/uploads\/2021\/03\/001-768x576.jpg 768w\" sizes=\"auto, (max-width: 960px) 100vw, 960px\" \/><\/a><\/div><\/div><\/div><script id=\"su_image_carousel_69e363f7d75b2_script\">if(window.SUImageCarousel){setTimeout(function() {window.SUImageCarousel.initGallery(document.getElementById(\"su_image_carousel_69e363f7d75b2\"))}, 0);}var su_image_carousel_69e363f7d75b2_script=document.getElementById(\"su_image_carousel_69e363f7d75b2_script\");if(su_image_carousel_69e363f7d75b2_script){su_image_carousel_69e363f7d75b2_script.parentNode.removeChild(su_image_carousel_69e363f7d75b2_script);}<\/script>\n","protected":false},"excerpt":{"rendered":"<p>Alto padr\u00e3o de qualidade em inspe\u00e7\u00e3o veicular! Fundada em 2002, a COTRAN atende toda a regi\u00e3o do munic\u00edpio de Duque de Caxias, Baixada Fluminense e cidades pr\u00f3ximas, com efici\u00eancia e qualidade em seguran\u00e7a veicular. A COTRAN \u00e9 uma empresa acreditada pelo Inmetro e credenciada pelo DENATRAN como Institui\u00e7\u00e3o T\u00e9cnica Licenciada para a emiss\u00e3o de Certificados de Seguran\u00e7a Veicular (CSV). Contamos com equipamentos de inspe\u00e7\u00e3o de \u00faltima gera\u00e7\u00e3o periodicamente calibrados e certificados por \u00f3rg\u00e3os competentes aliados \u00e0 excelente estrutura para in\u00fameros tipos de ve\u00edculos. Atendemos os mais variados servi\u00e7os desde motocicletas a ve\u00edculos pesados como caminh\u00f5es e \u00f4nibus. Conhecidos pelo excepcional&#8230; <\/p>\n","protected":false},"author":1,"featured_media":0,"parent":0,"menu_order":0,"comment_status":"closed","ping_status":"closed","template":"","meta":{"footnotes":"","_links_to":"","_links_to_target":""},"class_list":["post-30","page","type-page","status-publish","hentry"],"_links":{"self":[{"href":"https:\/\/cotran.com.br\/inspecaoveicular\/wp-json\/wp\/v2\/pages\/30","targetHints":{"allow":["GET"]}}],"collection":[{"href":"https:\/\/cotran.com.br\/inspecaoveicular\/wp-json\/wp\/v2\/pages"}],"about":[{"href":"https:\/\/cotran.com.br\/inspecaoveicular\/wp-json\/wp\/v2\/types\/page"}],"author":[{"embeddable":true,"href":"https:\/\/cotran.com.br\/inspecaoveicular\/wp-json\/wp\/v2\/users\/1"}],"replies":[{"embeddable":true,"href":"https:\/\/cotran.com.br\/inspecaoveicular\/wp-json\/wp\/v2\/comments?post=30"}],"version-history":[{"count":16,"href":"https:\/\/cotran.com.br\/inspecaoveicular\/wp-json\/wp\/v2\/pages\/30\/revisions"}],"predecessor-version":[{"id":301,"href":"https:\/\/cotran.com.br\/inspecaoveicular\/wp-json\/wp\/v2\/pages\/30\/revisions\/301"}],"wp:attachment":[{"href":"https:\/\/cotran.com.br\/inspecaoveicular\/wp-json\/wp\/v2\/media?parent=30"}],"curies":[{"name":"wp","href":"https:\/\/api.w.org\/{rel}","templated":true}]}}