{"id":34,"date":"2021-02-23T16:55:33","date_gmt":"2021-02-23T19:55:33","guid":{"rendered":"https:\/\/cotran.com.br\/inspecaoveicular\/?page_id=34"},"modified":"2024-01-07T07:01:54","modified_gmt":"2024-01-07T10:01:54","slug":"tabela-precos","status":"publish","type":"page","link":"https:\/\/cotran.com.br\/inspecaoveicular\/tabela-precos\/","title":{"rendered":"Tabela Pre\u00e7os"},"content":{"rendered":"<p><strong>Conhe\u00e7a abaixo a nossa tabela de pre\u00e7os:<\/strong><\/p>\n<div class=\"su-table su-table-alternate\">\n<table>\n<tbody>\n<tr>\n<td><strong>Servi\u00e7o<\/strong><\/td>\n<td><strong>Pre\u00e7o &#8211; R$<\/strong><\/td>\n<\/tr>\n<tr>\n<td>Inspe\u00e7\u00e3o de Ve\u00edculos com Sistema GNV<\/td>\n<td>R$ 280,00<\/td>\n<\/tr>\n<tr>\n<td>Inspe\u00e7\u00e3o de Ve\u00edculos Recuperados de Sinistro<\/td>\n<td>R$ 350,00<\/td>\n<\/tr>\n<tr>\n<td>Inspe\u00e7\u00e3o de Ve\u00edculos Blindados<\/td>\n<td>R$ 350,00<\/td>\n<\/tr>\n<tr>\n<td>Inspe\u00e7\u00e3o de Ve\u00edculos Modificados (Altera\u00e7\u00e3o de Caracter\u00edsticas)<\/td>\n<td>R$ 350,00<\/td>\n<\/tr>\n<tr>\n<td>Inspe\u00e7\u00e3o de Motocicletas<\/td>\n<td>\u00a0R$ 350,00<\/td>\n<\/tr>\n<\/tbody>\n<\/table>\n<\/div>\n<div class=\"su-note\"  style=\"border-color:#191919;border-radius:3px;-moz-border-radius:3px;-webkit-border-radius:3px;\"><div class=\"su-note-inner su-u-clearfix su-u-trim\" style=\"background-color:#333333;border-color:#ffffff;color:#7f7f7;border-radius:3px;-moz-border-radius:3px;-webkit-border-radius:3px;\">\n<h2><span style=\"color: #ffff00;\"><strong>TEMOS O MENOR PRE\u00c7O EM VISTORIA VEICULAR<\/strong><\/span><\/h2>\n<\/div><\/div>\n<p>D\u00favida sobre outros servi\u00e7os? <a href=\"https:\/\/cotran.com.br\/inspecaoveicular\/contato\/\">Consulte-nos<\/a> e pe\u00e7a or\u00e7amento.<img loading=\"lazy\" decoding=\"async\" class=\"wp-image-230 size-full aligncenter\" src=\"https:\/\/cotran.com.br\/inspecaoveicular\/wp-content\/uploads\/2021\/03\/banner44.png\" alt=\"\" width=\"727\" height=\"200\" srcset=\"https:\/\/cotran.com.br\/inspecaoveicular\/wp-content\/uploads\/2021\/03\/banner44.png 727w, https:\/\/cotran.com.br\/inspecaoveicular\/wp-content\/uploads\/2021\/03\/banner44-300x83.png 300w\" sizes=\"auto, (max-width: 727px) 100vw, 727px\" \/><\/p>\n","protected":false},"excerpt":{"rendered":"<p>Conhe\u00e7a abaixo a nossa tabela de pre\u00e7os: D\u00favida sobre outros servi\u00e7os? Consulte-nos e pe\u00e7a or\u00e7amento.<\/p>\n","protected":false},"author":1,"featured_media":0,"parent":0,"menu_order":0,"comment_status":"closed","ping_status":"closed","template":"","meta":{"footnotes":"","_links_to":"","_links_to_target":""},"class_list":["post-34","page","type-page","status-publish","hentry"],"_links":{"self":[{"href":"https:\/\/cotran.com.br\/inspecaoveicular\/wp-json\/wp\/v2\/pages\/34","targetHints":{"allow":["GET"]}}],"collection":[{"href":"https:\/\/cotran.com.br\/inspecaoveicular\/wp-json\/wp\/v2\/pages"}],"about":[{"href":"https:\/\/cotran.com.br\/inspecaoveicular\/wp-json\/wp\/v2\/types\/page"}],"author":[{"embeddable":true,"href":"https:\/\/cotran.com.br\/inspecaoveicular\/wp-json\/wp\/v2\/users\/1"}],"replies":[{"embeddable":true,"href":"https:\/\/cotran.com.br\/inspecaoveicular\/wp-json\/wp\/v2\/comments?post=34"}],"version-history":[{"count":15,"href":"https:\/\/cotran.com.br\/inspecaoveicular\/wp-json\/wp\/v2\/pages\/34\/revisions"}],"predecessor-version":[{"id":308,"href":"https:\/\/cotran.com.br\/inspecaoveicular\/wp-json\/wp\/v2\/pages\/34\/revisions\/308"}],"wp:attachment":[{"href":"https:\/\/cotran.com.br\/inspecaoveicular\/wp-json\/wp\/v2\/media?parent=34"}],"curies":[{"name":"wp","href":"https:\/\/api.w.org\/{rel}","templated":true}]}}